{"id":49046,"date":"2025-10-06T14:56:54","date_gmt":"2025-10-06T14:56:54","guid":{"rendered":"https:\/\/senterfornordligefolk.no\/?page_id=49046"},"modified":"2026-03-09T12:14:33","modified_gmt":"2026-03-09T12:14:33","slug":"om-oss","status":"publish","type":"page","link":"https:\/\/senterfornordligefolk.no\/en\/om-oss\/","title":{"rendered":"About"},"content":{"rendered":"<div class=\"gb-element-3e36d94a\">\n<div class=\"gb-element-7f8c6572\">\n<p><strong>Svein Leiros<br><\/strong>General Manager<strong><br><\/strong>+47 957 93 799<strong><br><\/strong>svein@nordligefolk.no<\/p>\n<\/div>\n\n\n\n<div class=\"gb-element-29403828\">\n<p><strong>Lisa Vangen<\/strong><br>Museum manager<br>+47 911 04 059<br>lisa@nordligefolk.no<\/p>\n<\/div>\n\n\n\n<div class=\"gb-element-8a06ba5c\">\n<p><strong>Martin Manndal<\/strong><br>Operations manager<br>+47 401 97 751<br>martin@nordligefolk.no<\/p>\n<\/div>\n\n\n\n<div class=\"gb-element-1db90535\">\n<p><strong>Siri Mari Vitalis Larsen<\/strong><br>Intermediary<br>+47 905 40 995<br>siri.mari@nordligefolk.no<\/p>\n<\/div>\n\n\n\n<div class=\"gb-element-13e4a94a\">\n<p><strong>Gunnlaug Oppervoll Isaksen<br><\/strong>Cleaner<strong><br><\/strong>+47 949 85 607<br>gunnlaug@nordligefolk.no<\/p>\n<\/div>\n\n\n\n<div class=\"gb-element-1c35738d\">\n<p><strong>Isak Anta M. Kvitfjell<\/strong><br>Museum worker<br>+47 912 47 464<br>isak@nordligefolk.no<\/p>\n<\/div>\n\n\n\n<div class=\"gb-element-cbf2d56c\">\n<p><strong>Ann-Kristin Hansen<\/strong><br>Head chef<br>+47 413 38 013<br>annkristin@nordligefolk.no<\/p>\n<\/div>\n<\/div>\n\n\n\n<hr class=\"wp-block-separator has-alpha-channel-opacity\"\/>\n\n\n\n<div>\n<div class=\"gb-element-79dfcc8e\">\n<div class=\"gb-element-ef0a72d7\">\n<div class=\"gb-element-0c3ede5f\">\n<p><strong>Davvi \u00e1lbmogiid guovdd\u00e1\u0161 - Centre for Northern Peoples<\/strong><\/p>\n\n\n\n<p>Davvi \u00e1lbmogiid guovdd\u00e1\u0161 (D\u00c1G) is a Sea S\u00e1mi museum and a vibrant S\u00e1mi cultural centre that covers the whole of S\u00e1pmi and the High North. Our aim is to preserve, develop and disseminate the cultures of the S\u00e1mi, indigenous and northern peoples - with particular emphasis on the Sea S\u00e1mi tradition.<\/p>\n\n\n\n<p>Today, the centre houses a wide range of functions and services: a museum, Sami language centre, library, exhibition rooms, kitchen and office space. Among the Sami organisations located here are the Sami Parliament, Riddu Ri\u0111\u0111u Festiv\u00e1la, Giellasiida (Sami language centre) and the Sami library service. In addition, K\u00e5fjord municipality has its public library, cultural school and youth club in the centre.<\/p>\n\n\n\n<p>D\u00c1G is part of the S\u00e1mi cultural centre structure and covers the North Troms region in particular. Its operation is supported by the Sami Parliament and Troms County Council, among others.<\/p>\n<\/div>\n\n\n\n<div>\n<img loading=\"lazy\" decoding=\"async\" width=\"1024\" height=\"683\" class=\"gb-media-21004011\" alt=\"\" src=\"https:\/\/senterfornordligefolk.no\/wp-content\/uploads\/2025\/10\/IMG_0111-2-1024x683-1.jpg\" title=\"IMG_0111-2-1024x683\" srcset=\"https:\/\/senterfornordligefolk.no\/wp-content\/uploads\/2025\/10\/IMG_0111-2-1024x683-1.jpg 1024w, https:\/\/senterfornordligefolk.no\/wp-content\/uploads\/2025\/10\/IMG_0111-2-1024x683-1-300x200.jpg 300w, https:\/\/senterfornordligefolk.no\/wp-content\/uploads\/2025\/10\/IMG_0111-2-1024x683-1-768x512.jpg 768w, https:\/\/senterfornordligefolk.no\/wp-content\/uploads\/2025\/10\/IMG_0111-2-1024x683-1-18x12.jpg 18w\" sizes=\"auto, (max-width: 1024px) 100vw, 1024px\" \/>\n<\/div>\n<\/div>\n\n\n\n<div class=\"gb-element-1dd88419\">\n<p><strong>The story behind the establishment of the centre<\/strong><\/p>\n\n\n\n<p>In 1988, Sami organisations took the initiative to establish a meeting place for Sami culture. After in-depth discussions with various stakeholders in the region, it was agreed to expand Manndalen Bygdehus and develop it into a Sami centre - a natural choice, as the majority of stakeholders in the area had Sami roots.<\/p>\n\n\n\n<p>The plans developed into an ambitious project: to establish a national Sami competence centre under the name&nbsp;<strong>\u00c1ja Sami Centre BA<\/strong>. In 1993 and 1994, all unit holders transferred their shares to the new centre by resolution of the annual meeting. At the same time, an expansion of the number of shares was carried out, with teams and associations, municipalities and other relevant organisations being invited to buy shares.<\/p>\n\n\n\n<p>A major expansion of the centre was completed in 1995. The new building provided suitable premises for, among other things&nbsp;<strong>NRK S\u00e1mi Radio<\/strong>, administration for \u00c1ja Sami Centre, kitchen department,&nbsp;<strong>Riddu Ri\u0111\u0111u<\/strong>,&nbsp;<strong>Nord-Troms Museum<\/strong>&nbsp;and&nbsp;<strong>Sami language centre<\/strong>.<\/p>\n\n\n\n<p>The development had a cost framework of NOK 4.7 million and was financed with funds from&nbsp;<strong>Troms County Council<\/strong>,&nbsp;<strong>Sami Parliament<\/strong>,&nbsp;<strong>Ministry of Culture<\/strong>,&nbsp;<strong>K\u00e5fjord municipality<\/strong>&nbsp;and a loan that covered 50 % of the costs.<\/p>\n\n\n\n<h4 class=\"wp-block-heading\"><a href=\"https:\/\/senterfornordligefolk.no\/en\/om-oss\/#1518682580653-7bc88b2f-bb3e\">Developments in 2005 and 2009<\/a><\/h4>\n\n\n\n<p>A further partial expansion of the \u00c1ja Sami Centre was completed in 2005, providing new and larger premises for the Sami Language Centre, a regional Sami library service, the Sami Parliament, the Riddu Ri\u0111\u0111u festival and the centre's administration. The NOK 14 million expansion of the centre in 2005 was financed by Troms County Municipality, the Sami Parliament, K\u00e5fjord Municipality and \u00c1ja Sami Centre by borrowing NOK 3.5 million. The financing was regarded as a regional boost and was intended to cover acute needs while awaiting full government funding for a comprehensive development.<\/p>\n\n\n\n<p>In 2007, the Ministry of Culture commissioned Statsbygg to expand the centre at a cost of NOK 22 million to provide premises for a Sami museum, library and a small area for dining outside the cultural hall. The expansion was completed in 2011 and was opened during Riddu Ri\u0111\u0111u by the Minister of Culture. At the same time, the new Contemporary Museum opened at the centre, which the Sami Parliament has given Sami museum responsibility for North Troms, North Central Troms and Troms\u00f8.<\/p>\n\n\n\n<h4 class=\"wp-block-heading\"><a href=\"https:\/\/senterfornordligefolk.no\/en\/om-oss\/#1518682633438-09dac590-8e87\">A national mission from 2009<\/a><\/h4>\n\n\n\n<p>In 2009, the centre changed from being a Sea Sami centre (\u00c1ja Sami Centre) to becoming the Centre for Northern Peoples. The centre still has a national Sami mission: to develop and preserve the Sea Sami language and culture. In addition, the centre gained a northern indigenous focus. Since the beginning of the 2000s, Riddu Ri\u0111\u0111u has had an annual focus on northern indigenous peoples. The centre has invited an indigenous people from the north and presented them at the festival. The people familiarised us with their music, dance, rituals and other cultural expressions over several days at the festival. Through this focus, it was realised early on that the dissemination of knowledge about northern indigenous peoples should be strengthened and communicated beyond the annual festival. The \u00c1ja Sami Centre, which was the physical setting for Riddu Ri\u0111\u0111u, was then seen as the natural institution that should and could continue this.<\/p>\n\n\n\n<p>After the restructuring, the centre was given a two-part mission: to help increase understanding of indigenous peoples by disseminating knowledge about northern indigenous peoples, and to strengthen and develop the Sea Sami language, art and culture.<\/p>\n<\/div>\n\n\n\n<div class=\"gb-accordion\">\n<div class=\"gb-accordion__item gb-accordion__item-eb488719\">\n<div role=\"button\" tabindex=\"0\" class=\"gb-accordion__toggle gb-accordion__toggle-dea5d6b1\" id=\"gb-accordion-toggle-dea5d6b1\">\n<span class=\"gb-text\">Statutes<\/span>\n\n\n\n<span class=\"gb-accordion__toggle-icon gb-accordion__toggle-icon-5e387634\"><span class=\"gb-accordion__toggle-icon-open\"><svg aria-hidden=\"true\" viewbox=\"0 0 256 256\"><rect width=\"256\" height=\"256\" fill=\"none\"><\/rect><polyline points=\"208 96 128 176 48 96\" fill=\"none\" stroke=\"currentColor\" stroke-linecap=\"round\" stroke-linejoin=\"round\" stroke-width=\"16\"><\/polyline><\/svg><\/span><span class=\"gb-accordion__toggle-icon-close\"><svg aria-hidden=\"true\" viewbox=\"0 0 256 256\"><rect width=\"256\" height=\"256\" fill=\"none\"><\/rect><polyline points=\"48 160 128 80 208 160\" fill=\"none\" stroke=\"currentColor\" stroke-linecap=\"round\" stroke-linejoin=\"round\" stroke-width=\"16\"><\/polyline><\/svg><\/span><\/span>\n<\/div>\n\n\n\n<div class=\"gb-accordion__content\" id=\"gb-accordion-content-53707bf6\">\n<div class=\"gb-element-e6a3ffc3\">\n<div>\n<p><strong>\u00a7 1<\/strong><\/p>\n\n\n\n<p>The company's name shall be Centre for Northern Peoples AS \/ Davvi \u00e1lbmogiid guovdd\u00e1\u0161 OS.<\/p>\n\n\n\n<p>\u00a7 2<\/p>\n\n\n\n<p>The company's business municipality is 1940 G\u00e1ivuotna\/K\u00e5fjord and the address is 9144 Samuelsberg<\/p>\n\n\n\n<p><strong>\u00a7 3<\/strong><\/p>\n\n\n\n<p>The company's purpose is to develop, safeguard and promote Sami, indigenous and northern peoples' cultures based on the Sea Sami language.<\/p>\n\n\n\n<p>The company will be a resource centre for actors working for the company's purpose at local, regional, national and international levels. The centre will make the cultures of northern peoples more accessible and contribute to increased knowledge and awareness of indigenous peoples.<\/p>\n\n\n\n<p><strong>\u00a7 4<\/strong><\/p>\n\n\n\n<p>Financial surpluses from the company's activities shall be used in their entirety to promote the company's objectives, but in such a way that the company may recognise reserves within the applicable tax and accounting rules. The company shall not pay dividends to the shareholders.<\/p>\n\n\n\n<p><strong>\u00a7 5<\/strong><\/p>\n\n\n\n<p>The company's share capital is NOK 4,360. 000,- divided into 2,800 shares of NOK 200 each, fully paid up and at par value.<\/p>\n\n\n\n<p><strong>\u00a7 6<br><\/strong>The shares are freely transferable, but are restricted to shareholders who, in the opinion of the Board of Directors, can help to promote the company's objectives. Pre-emptive rights for transfers of shares only apply to shareholders with 10% or greater ownership interest. All share transfers must be approved by the Board of Directors.<\/p>\n\n\n\n<p><strong>\u00a7 7<\/strong><\/p>\n\n\n\n<p>The company's board of directors shall have five members, of which the parties are entitled to appoint one representative each. Personal deputy representatives shall be elected.<\/p>\n\n\n\n<p>Board members shall have a two-year term of office. It is assumed that the procedures for the election of new board members are followed.<\/p>\n\n\n\n<p><strong>\u00a7 8<\/strong><\/p>\n\n\n\n<p>The company's signature is held jointly by the Chairman of the Board and one Board member.<\/p>\n\n\n\n<p><strong>\u00a7 9<\/strong><\/p>\n\n\n\n<p>General Meetings are convened in accordance with the provisions of the Companies Act.<\/p>\n\n\n\n<p>The annual general meeting shall consider:<\/p>\n\n\n\n<p>1.      Approve the annual accounts and annual report.<\/p>\n\n\n\n<p>2.      Utilisation of profits or coverage of deficits in accordance with the adopted balance sheet.<\/p>\n\n\n\n<p>3.      Election of the board of directors, chairman and deputy chairman.<\/p>\n\n\n\n<p>4.       Determination of remuneration to the Board of Directors and auditor.<\/p>\n\n\n\n<p>5.      Other matters that, according to law, are the responsibility of the general meeting.<\/p>\n\n\n\n<p><strong>\u00a7 10<\/strong><\/p>\n\n\n\n<p>Extraordinary General Meetings are convened when the Board of Directors or shareholders representing at least 1\/10 of the share capital so request.<\/p>\n\n\n\n<p>Extraordinary General Meetings only deal with the matters mentioned in the notice of the meeting.<\/p>\n\n\n\n<p><strong>\u00a7 11<\/strong><\/p>\n\n\n\n<p>Proposals for amendments to the Articles of Association must be submitted to the Board of Directors no later than three months before the matter is to be considered at the general meeting and announced to the shareholders no later than one month before consideration.<\/p>\n\n\n\n<p><strong>\u00a7 12<\/strong><\/p>\n\n\n\n<p>In the event of dissolution of the company, the company's assets shall be distributed to the owners in proportion to their ownership interest.<\/p>\n\n\n\n<p><strong>\u00a7 13<\/strong><\/p>\n\n\n\n<p>Otherwise, reference is made to the applicable share legislation at any given time.<\/p>\n<\/div>\n<\/div>\n<\/div>\n<\/div>\n<\/div>\n\n\n\n<div class=\"gb-accordion\">\n<div class=\"gb-accordion__item gb-accordion__item-f11a9cd6\">\n<div role=\"button\" tabindex=\"0\" class=\"gb-accordion__toggle gb-accordion__toggle-86fa1092\" id=\"gb-accordion-toggle-86fa1092\">\n<span class=\"gb-text\">Annual reports<\/span>\n\n\n\n<span class=\"gb-accordion__toggle-icon gb-accordion__toggle-icon-408dbd31\"><span class=\"gb-accordion__toggle-icon-open\"><svg aria-hidden=\"true\" viewbox=\"0 0 256 256\"><rect width=\"256\" height=\"256\" fill=\"none\"><\/rect><polyline points=\"208 96 128 176 48 96\" fill=\"none\" stroke=\"currentColor\" stroke-linecap=\"round\" stroke-linejoin=\"round\" stroke-width=\"16\"><\/polyline><\/svg><\/span><span class=\"gb-accordion__toggle-icon-close\"><svg aria-hidden=\"true\" viewbox=\"0 0 256 256\"><rect width=\"256\" height=\"256\" fill=\"none\"><\/rect><polyline points=\"48 160 128 80 208 160\" fill=\"none\" stroke=\"currentColor\" stroke-linecap=\"round\" stroke-linejoin=\"round\" stroke-width=\"16\"><\/polyline><\/svg><\/span><\/span>\n<\/div>\n\n\n\n<div class=\"gb-accordion__content\" id=\"gb-accordion-content-4ec66eac\">\n<div class=\"gb-element-6603c765\">\n<div class=\"gb-element-404b32ec\">\n<div>\n<p><a href=\"\/wp-content\/uploads\/2025\/10\/Arsmelding-2017.-Finale.pdf\">Annual report 2017<\/a><\/p>\n\n\n\n<p><a href=\"\/wp-content\/uploads\/2025\/10\/Arsmelding-2018-signert.pdf\">Annual report 2018<\/a><\/p>\n\n\n\n<p><a href=\"\/wp-content\/uploads\/2025\/10\/Annual accounts-2018-signed.pdf\">Annual accounts 2018<\/a><\/p>\n\n\n\n<p><a href=\"\/wp-content\/uploads\/2025\/10\/Arsmelding-2019-signert-28.05.2020.pdf\">Annual report 2019<\/a><\/p>\n\n\n\n<p><a href=\"\/wp-content\/uploads\/2025\/10\/055-2019-Offentlig-regnskap.pdf\">Annual accounts 2019<\/a><\/p>\n<\/div>\n\n\n\n<div>\n<p><a href=\"\/wp-content\/uploads\/2025\/10\/Arsmelding-2020-.pdf\">Annual report 2020<\/a><\/p>\n\n\n\n<p><a href=\"https:\/\/nordligefolk.sharepoint.com\/sites\/Felles\/Delte%20dokumenter\/Forms\/AllItems.aspx?id=%2Fsites%2FFelles%2FDelte%20dokumenter%2F1%5FSenter%20for%20nordlige%20folk%20AS%2F1%5FAdministrasjon%20og%20ledelse%2FStyrer%2FHovedstyret%20D%C3%81G%20AS%2F2021%2FSaksdok%2F1802%2F055%2D2020%2DOffentlig%20regnskap%2EPDF&amp;parent=%2Fsites%2FFelles%2FDelte%20dokumenter%2F1%5FSenter%20for%20nordlige%20folk%20AS%2F1%5FAdministrasjon%20og%20ledelse%2FStyrer%2FHovedstyret%20D%C3%81G%20AS%2F2021%2FSaksdok%2F1802\">Annual accounts 2020<\/a><\/p>\n\n\n\n<p><a href=\"https:\/\/nordligefolk.sharepoint.com\/sites\/Felles\/Delte%20dokumenter\/Forms\/AllItems.aspx?id=%2Fsites%2FFelles%2FDelte%20dokumenter%2F1%5FSenter%20for%20nordlige%20folk%20AS%2F1%5FAdministrasjon%20og%20ledelse%2FStyrer%2FGeneralforsamling%2F2022%2FA%CC%8Arsmelding%202021%20ny%2Epdf&amp;parent=%2Fsites%2FFelles%2FDelte%20dokumenter%2F1%5FSenter%20for%20nordlige%20folk%20AS%2F1%5FAdministrasjon%20og%20ledelse%2FStyrer%2FGeneralforsamling%2F2022\">Annual report 2021<\/a><\/p>\n\n\n\n<p><a href=\"https:\/\/nordligefolk.sharepoint.com\/sites\/Felles\/Delte%20dokumenter\/Forms\/AllItems.aspx?id=%2Fsites%2FFelles%2FDelte%20dokumenter%2F1%5FSenter%20for%20nordlige%20folk%20AS%2F1%5FAdministrasjon%20og%20ledelse%2F20%2E17%20%C3%85rsberetninger%20og%20%C3%A5rsregnskap%2F2022%2F055%2D2021%2DOffentlig%20regnskap%2Epdf&amp;parent=%2Fsites%2FFelles%2FDelte%20dokumenter%2F1%5FSenter%20for%20nordlige%20folk%20AS%2F1%5FAdministrasjon%20og%20ledelse%2F20%2E17%20%C3%85rsberetninger%20og%20%C3%A5rsregnskap%2F2022\">Annual accounts 2021<\/a><\/p>\n\n\n\n<p><a href=\"\/wp-content\/uploads\/2025\/10\/Arsmelding-DAG-2022-1.pdf\">Annual report 2022<\/a><\/p>\n<\/div>\n\n\n\n<div>\n<p><a href=\"\/wp-content\/uploads\/2025\/10\/Arsmelding-DAG-2023.pdf\" target=\"_blank\" rel=\"noreferrer noopener\">Annual report 2023<\/a><\/p>\n\n\n\n<p><a href=\"\/wp-content\/uploads\/2025\/10\/055-2023Public accounts.signed.pdf\" target=\"_blank\" rel=\"noreferrer noopener\">Annual accounts 2023<\/a><\/p>\n\n\n\n<p><a href=\"\/wp-content\/uploads\/2025\/10\/DAG-Arsmelding-2024-1.pdf\" target=\"_blank\" rel=\"noreferrer noopener\">Annual report 2024<\/a><\/p>\n<\/div>\n<\/div>\n<\/div>\n<\/div>\n<\/div>\n<\/div>\n\n\n\n<h2 class=\"gb-text\">Board of directors<\/h2>\n\n\n\n<figure class=\"wp-block-table\"><table class=\"has-fixed-layout\"><tbody><tr><td><strong>Verv<\/strong><\/td><td><strong>Name<\/strong><\/td><td><strong>Vara<\/strong><\/td><\/tr><tr><td>Chairman of the board<\/td><td>Torjer Olsen<\/td><td>Hege Liland<\/td><\/tr><tr><td>Deputy chairman<\/td><td>Camilla Brattland&nbsp;<\/td><td>Jens Kristian Nilsen<\/td><\/tr><tr><td>Member<\/td><td>Karin A. Karlsen<\/td><td>Olaug R\u00f8nsen &nbsp;<\/td><\/tr><tr><td>Member<\/td><td>Sajje Solbakk&nbsp;<\/td><td>&nbsp;<\/td><\/tr><tr><td>Member<\/td><td>Odd Kr. Solberg<\/td><td>Anne Lise Fredlund<\/td><\/tr><\/tbody><\/table><\/figure>\n\n\n\n<div class=\"gb-element-65ef0261\">\n<div class=\"gb-element-60a9053d\">\n<h2 class=\"gb-text\">Other activities at the Centre for Northern Peoples<\/h2>\n\n\n\n<div class=\"gb-element-916d28a9\">\n<div>\n<img loading=\"lazy\" decoding=\"async\" width=\"300\" height=\"70\" class=\"gb-media-5d7e698f\" alt=\"Riddu Riddu\" src=\"https:\/\/senterfornordligefolk.no\/wp-content\/uploads\/2025\/10\/RRF_Logo_Horisontal_CMYK-300x70-1.jpg\" title=\"RRF_Logo_Horisontal_CMYK-300x70\" srcset=\"https:\/\/senterfornordligefolk.no\/wp-content\/uploads\/2025\/10\/RRF_Logo_Horisontal_CMYK-300x70-1.jpg 300w, https:\/\/senterfornordligefolk.no\/wp-content\/uploads\/2025\/10\/RRF_Logo_Horisontal_CMYK-300x70-1-18x4.jpg 18w\" sizes=\"auto, (max-width: 300px) 100vw, 300px\" \/>\n<\/div>\n\n\n\n<div>\n<img loading=\"lazy\" decoding=\"async\" width=\"300\" height=\"91\" class=\"gb-media-9dc5606b\" alt=\"K\u00e5fjord Kommune\" src=\"https:\/\/senterfornordligefolk.no\/wp-content\/uploads\/2025\/10\/logo2016-300x91-1.png\" title=\"logo2016-300x91\" srcset=\"https:\/\/senterfornordligefolk.no\/wp-content\/uploads\/2025\/10\/logo2016-300x91-1.png 300w, https:\/\/senterfornordligefolk.no\/wp-content\/uploads\/2025\/10\/logo2016-300x91-1-18x5.png 18w\" sizes=\"auto, (max-width: 300px) 100vw, 300px\" \/>\n<\/div>\n\n\n\n<div>\n<img loading=\"lazy\" decoding=\"async\" width=\"300\" height=\"77\" class=\"gb-media-8df0513d\" alt=\"Nord-Troms Museum\" src=\"https:\/\/senterfornordligefolk.no\/wp-content\/uploads\/2025\/10\/Nord-Troms-museum-300x77-1.png\" title=\"Nord-Troms-museum-300x77\" srcset=\"https:\/\/senterfornordligefolk.no\/wp-content\/uploads\/2025\/10\/Nord-Troms-museum-300x77-1.png 300w, https:\/\/senterfornordligefolk.no\/wp-content\/uploads\/2025\/10\/Nord-Troms-museum-300x77-1-18x5.png 18w\" sizes=\"auto, (max-width: 300px) 100vw, 300px\" \/>\n<\/div>\n<\/div>\n\n\n\n<div class=\"gb-element-f49f6381\">\n<div>\n<img loading=\"lazy\" decoding=\"async\" width=\"300\" height=\"140\" class=\"gb-media-21cdac03\" alt=\"Sametinget\" src=\"https:\/\/senterfornordligefolk.no\/wp-content\/uploads\/2025\/10\/nord_farge_asymmetrisk-pdf-300x140-1.jpg\" title=\"nord_farge_asymmetrisk-pdf-300x140\" srcset=\"https:\/\/senterfornordligefolk.no\/wp-content\/uploads\/2025\/10\/nord_farge_asymmetrisk-pdf-300x140-1.jpg 300w, https:\/\/senterfornordligefolk.no\/wp-content\/uploads\/2025\/10\/nord_farge_asymmetrisk-pdf-300x140-1-18x8.jpg 18w\" sizes=\"auto, (max-width: 300px) 100vw, 300px\" \/>\n<\/div>\n\n\n\n<div>\n<img loading=\"lazy\" decoding=\"async\" width=\"300\" height=\"178\" class=\"gb-media-ad472fec\" alt=\"Giella siida\" src=\"https:\/\/senterfornordligefolk.no\/wp-content\/uploads\/2025\/10\/20988259_1720679498238803_3127528635536364434_o-1-300x178-1.jpg\" title=\"20988259_1720679498238803_3127528635536364434_o-1-300x178\" srcset=\"https:\/\/senterfornordligefolk.no\/wp-content\/uploads\/2025\/10\/20988259_1720679498238803_3127528635536364434_o-1-300x178-1.jpg 300w, https:\/\/senterfornordligefolk.no\/wp-content\/uploads\/2025\/10\/20988259_1720679498238803_3127528635536364434_o-1-300x178-1-18x12.jpg 18w\" sizes=\"auto, (max-width: 300px) 100vw, 300px\" \/>\n<\/div>\n\n\n\n<div>\n<img loading=\"lazy\" decoding=\"async\" width=\"300\" height=\"82\" class=\"gb-media-a799a3a8\" alt=\"Troms Fylkeskommune\" src=\"https:\/\/senterfornordligefolk.no\/wp-content\/uploads\/2025\/10\/TFK_RGB-300x82-2.jpg\" title=\"TFK_RGB-300x82\" srcset=\"https:\/\/senterfornordligefolk.no\/wp-content\/uploads\/2025\/10\/TFK_RGB-300x82-2.jpg 300w, https:\/\/senterfornordligefolk.no\/wp-content\/uploads\/2025\/10\/TFK_RGB-300x82-2-18x5.jpg 18w\" sizes=\"auto, (max-width: 300px) 100vw, 300px\" \/>\n<\/div>\n<\/div>\n<\/div>\n<\/div>\n<\/div>\n<\/div>","protected":false},"excerpt":{"rendered":"<p>Svein LeirosDaily manager+47 957 93 799svein@nordligefolk.no Lisa VangenMuseum manager+47 911 04 059lisa@nordligefolk.no Martin ManndalOperations manager+47 401 97 751martin@nordligefolk.no Siri Mari Vitalis LarsenFunds+47 905 40 995siri.mari@nordligefolk.no Gunnlaug Oppervoll IsaksenCleaner+47 949 85 607gunnlaug@nordligefolk.no Isak Anta M. KvitfjellMuseum worker+47 912 47 464isak@nordligefolk.no Ann-Kristin HansenKitchen manager+47 413 38 013annkristin@nordligefolk.no Davvi \u00e1lbmogiid guovdd\u00e1\u0161 - Centre for Northern Peoples Davvi \u00e1lbmogiid guovdd\u00e1\u0161 (D\u00c1G) is a... <a class=\"continue\" href=\"https:\/\/senterfornordligefolk.no\/en\/om-oss\/\">Continue reading<span> About<\/span><\/a><\/p>","protected":false},"author":1,"featured_media":0,"parent":0,"menu_order":0,"comment_status":"closed","ping_status":"closed","template":"","meta":{"footnotes":""},"class_list":["post-49046","page","type-page","status-publish"],"_hostinger_reach_plugin_has_subscription_block":false,"_hostinger_reach_plugin_is_elementor":false,"_links":{"self":[{"href":"https:\/\/senterfornordligefolk.no\/en\/wp-json\/wp\/v2\/pages\/49046","targetHints":{"allow":["GET"]}}],"collection":[{"href":"https:\/\/senterfornordligefolk.no\/en\/wp-json\/wp\/v2\/pages"}],"about":[{"href":"https:\/\/senterfornordligefolk.no\/en\/wp-json\/wp\/v2\/types\/page"}],"author":[{"embeddable":true,"href":"https:\/\/senterfornordligefolk.no\/en\/wp-json\/wp\/v2\/users\/1"}],"replies":[{"embeddable":true,"href":"https:\/\/senterfornordligefolk.no\/en\/wp-json\/wp\/v2\/comments?post=49046"}],"version-history":[{"count":21,"href":"https:\/\/senterfornordligefolk.no\/en\/wp-json\/wp\/v2\/pages\/49046\/revisions"}],"predecessor-version":[{"id":50611,"href":"https:\/\/senterfornordligefolk.no\/en\/wp-json\/wp\/v2\/pages\/49046\/revisions\/50611"}],"wp:attachment":[{"href":"https:\/\/senterfornordligefolk.no\/en\/wp-json\/wp\/v2\/media?parent=49046"}],"curies":[{"name":"wp","href":"https:\/\/api.w.org\/{rel}","templated":true}]}}