{"id":49204,"date":"2025-10-13T22:13:44","date_gmt":"2025-10-13T22:13:44","guid":{"rendered":"https:\/\/senterfornordligefolk.no\/?page_id=49204"},"modified":"2025-10-13T23:34:47","modified_gmt":"2025-10-13T23:34:47","slug":"storsal","status":"publish","type":"page","link":"https:\/\/senterfornordligefolk.no\/en\/lokaler\/storsal\/","title":{"rendered":"Main room"},"content":{"rendered":"<div class=\"gb-element-8ee28c68\">\n<div class=\"gb-element-b1432104\">\n<div class=\"gb-element-8b2bd6d9\">\n<div class=\"gb-element-8dd8e566\">\n<img loading=\"lazy\" decoding=\"async\" width=\"800\" height=\"534\" class=\"gb-media-babe8347\" src=\"https:\/\/senterfornordligefolk.no\/wp-content\/uploads\/2025\/10\/Senter_for_Nordlige_folk_sommer_001-2.jpg\" alt=\"Senter for nordlige folk\" title=\"Centre for Northern Peoples summer\" srcset=\"https:\/\/senterfornordligefolk.no\/wp-content\/uploads\/2025\/10\/Senter_for_Nordlige_folk_sommer_001-2.jpg 800w, https:\/\/senterfornordligefolk.no\/wp-content\/uploads\/2025\/10\/Senter_for_Nordlige_folk_sommer_001-2-300x200.jpg 300w, https:\/\/senterfornordligefolk.no\/wp-content\/uploads\/2025\/10\/Senter_for_Nordlige_folk_sommer_001-2-768x513.jpg 768w, https:\/\/senterfornordligefolk.no\/wp-content\/uploads\/2025\/10\/Senter_for_Nordlige_folk_sommer_001-2-18x12.jpg 18w\" sizes=\"auto, (max-width: 800px) 100vw, 800px\" \/>\n\n\n\n<img loading=\"lazy\" decoding=\"async\" width=\"1024\" height=\"768\" class=\"gb-media-d556b97a\" src=\"https:\/\/senterfornordligefolk.no\/wp-content\/uploads\/2025\/10\/image-1024x768-1.jpeg\" alt=\"Storsalen\" title=\"image-1024x768\" srcset=\"https:\/\/senterfornordligefolk.no\/wp-content\/uploads\/2025\/10\/image-1024x768-1.jpeg 1024w, https:\/\/senterfornordligefolk.no\/wp-content\/uploads\/2025\/10\/image-1024x768-1-300x225.jpeg 300w, https:\/\/senterfornordligefolk.no\/wp-content\/uploads\/2025\/10\/image-1024x768-1-768x576.jpeg 768w, https:\/\/senterfornordligefolk.no\/wp-content\/uploads\/2025\/10\/image-1024x768-1-16x12.jpeg 16w\" sizes=\"auto, (max-width: 1024px) 100vw, 1024px\" \/>\n<\/div>\n\n\n\n<div class=\"gb-element-5a501d39\">\n<h2 class=\"gb-text\">Storsalen - flexible cultural hall for meetings and events<\/h2>\n\n\n\n<p class=\"gb-text\">The hall can accommodate up to <strong>150 people<\/strong> and can be customised to suit different needs with flexible furnishings, good acoustics and technical equipment for both audio and video. <\/p>\n\n\n\n<p>For smaller gatherings, we also offer <strong>Meeting room with space for 10-20 people<\/strong>, as well as a <strong>cosy party room<\/strong> that are suitable for around <strong>30 guests<\/strong> - ideal for intimate celebrations, courses or workshops.<br><\/p>\n\n\n\n<p>Our <strong>well-equipped kitchens<\/strong> gives you everything you need to organise a successful event. You can cater for yourself or use local catering services.<br><\/p>\n\n\n\n<p>With us, everything is in place for a <strong>memorable experience<\/strong> - whether you're organising a professional meeting, a cultural evening or a private celebration.<\/p>\n\n\n\n<div class=\"gb-element-6e369b8b\">\n<p>Hire of cultural centre with technical equipment:<br>kr. 10 000<br>Hire of cultural centre without technical equipment:<br>Kr. 8 000<\/p>\n\n\n\n<p><strong>&nbsp;<\/strong><strong>Drift \/ Viessodoallu<\/strong>: 401 97 751<\/p>\n<\/div>\n\n\n\n<a class=\"gb-text gb-text-9a635b57\" href=\"\/en\/kontakt-oss\/\">Contact<\/a>\n<\/div>\n<\/div>\n<\/div>\n<\/div>","protected":false},"excerpt":{"rendered":"<p>Storsalen \u2013 fleksibel kultursal for m\u00f8ter og arrangementer Salen rommer opptil 150 personer og kan tilpasses ulike behov med fleksibel m\u00f8blering, god akustikk og teknisk utstyr for b\u00e5de lyd og bilde. For mindre sammenkomster tilbyr vi ogs\u00e5 m\u00f8terom med plass til 10\u201320 personer, samt et hyggelig festlokale som egner seg for rundt 30 gjester \u2013&hellip; <a class=\"continue\" href=\"https:\/\/senterfornordligefolk.no\/en\/lokaler\/storsal\/\">Continue reading<span> Main room<\/span><\/a><\/p>","protected":false},"author":2,"featured_media":0,"parent":48903,"menu_order":0,"comment_status":"closed","ping_status":"closed","template":"","meta":{"footnotes":""},"class_list":["post-49204","page","type-page","status-publish"],"_hostinger_reach_plugin_has_subscription_block":false,"_hostinger_reach_plugin_is_elementor":false,"_links":{"self":[{"href":"https:\/\/senterfornordligefolk.no\/en\/wp-json\/wp\/v2\/pages\/49204","targetHints":{"allow":["GET"]}}],"collection":[{"href":"https:\/\/senterfornordligefolk.no\/en\/wp-json\/wp\/v2\/pages"}],"about":[{"href":"https:\/\/senterfornordligefolk.no\/en\/wp-json\/wp\/v2\/types\/page"}],"author":[{"embeddable":true,"href":"https:\/\/senterfornordligefolk.no\/en\/wp-json\/wp\/v2\/users\/2"}],"replies":[{"embeddable":true,"href":"https:\/\/senterfornordligefolk.no\/en\/wp-json\/wp\/v2\/comments?post=49204"}],"version-history":[{"count":6,"href":"https:\/\/senterfornordligefolk.no\/en\/wp-json\/wp\/v2\/pages\/49204\/revisions"}],"predecessor-version":[{"id":49233,"href":"https:\/\/senterfornordligefolk.no\/en\/wp-json\/wp\/v2\/pages\/49204\/revisions\/49233"}],"up":[{"embeddable":true,"href":"https:\/\/senterfornordligefolk.no\/en\/wp-json\/wp\/v2\/pages\/48903"}],"wp:attachment":[{"href":"https:\/\/senterfornordligefolk.no\/en\/wp-json\/wp\/v2\/media?parent=49204"}],"curies":[{"name":"wp","href":"https:\/\/api.w.org\/{rel}","templated":true}]}}