{"id":3,"date":"2025-10-03T17:14:47","date_gmt":"2025-10-03T17:14:47","guid":{"rendered":"https:\/\/senterfornordligefolk.no\/?page_id=3"},"modified":"2026-03-09T12:04:41","modified_gmt":"2026-03-09T12:04:41","slug":"personvern","status":"publish","type":"page","link":"https:\/\/senterfornordligefolk.no\/se_no\/personvern\/","title":{"rendered":"diehtosuodji"},"content":{"rendered":"<h2 class=\"wp-block-heading\"><strong>Hvem vi er<\/strong><\/h2>\n\n\n\n<p> Nettstedsadressen v\u00e5r er: <a href=\"https:\/\/senterfornordligefolk.no\/se_no\/\">https:\/\/senterfornordligefolk.no<\/a>.<\/p>\n\n\n\n<p><strong>Kommentarer<\/strong><\/p>\n\n\n\n<p>N\u00e5r bes\u00f8kende legger igjen kommentarer p\u00e5 nettstedet, samler vi inn dataene som vises i kommentarskjemaet, samt bes\u00f8kerens IP-adresse og nettleserens brukeragentstreng for \u00e5 hjelpe med \u00e5 oppdage spam.<\/p>\n\n\n\n<p>En anonymisert streng opprettet fra e-postadressen din (ogs\u00e5 kalt en hash) kan bli sendt til Gravatar-tjenesten for \u00e5 se om du bruker den. Personvernerkl\u00e6ringen for Gravatar-tjenesten er tilgjengelig her: <a href=\"https:\/\/automattic.com\/privacy\/\">https:\/\/automattic.com\/privacy\/<\/a>. Etter at kommentaren din er godkjent, vil profilbildet ditt v\u00e6re synlig for offentligheten i tilknytning til kommentaren.<\/p>\n\n\n\n<p><strong>Media<\/strong><\/p>\n\n\n\n<p>Hvis du laster opp bilder til nettstedet, b\u00f8r du unng\u00e5 \u00e5 laste opp bilder som inneholder innebygde stedsdata (EXIF GPS). Bes\u00f8kende p\u00e5 nettstedet kan laste ned og hente ut slike stedsdata fra bilder p\u00e5 nettstedet.<\/p>\n\n\n\n<p><strong>Informasjonskapsler (cookies)<\/strong><\/p>\n\n\n\n<p>Hvis du legger igjen en kommentar p\u00e5 nettstedet v\u00e5rt, kan du velge \u00e5 lagre navn, e-postadresse og nettsted i informasjonskapsler. Dette er for din bekvemmelighet, slik at du slipper \u00e5 fylle inn opplysningene dine p\u00e5 nytt n\u00e5r du legger igjen en ny kommentar. Disse informasjonskapslene varer i ett \u00e5r.<\/p>\n\n\n\n<p>Hvis du bes\u00f8ker innloggingssiden v\u00e5r, setter vi en midlertidig informasjonskapsel for \u00e5 avgj\u00f8re om nettleseren din godtar informasjonskapsler. Denne informasjonskapselen inneholder ingen personopplysninger og slettes n\u00e5r du lukker nettleseren.<\/p>\n\n\n\n<p>N\u00e5r du logger inn, vil vi ogs\u00e5 sette flere informasjonskapsler for \u00e5 lagre innloggingsinformasjonen din og valgene dine for skjermvisning. Informasjonskapsler for innlogging varer i to dager, og informasjonskapsler for skjermvalg varer i ett \u00e5r. Hvis du velger \u00abHusk meg\u00bb, vil innloggingen din vare i to uker. Hvis du logger ut av kontoen din, vil informasjonskapslene for innlogging bli fjernet.<\/p>\n\n\n\n<p>Hvis du redigerer eller publiserer en artikkel, vil en ekstra informasjonskapsel bli lagret i nettleseren din. Denne informasjonskapselen inneholder ingen personopplysninger og angir kun innleggs-ID-en til artikkelen du nettopp redigerte. Den utl\u00f8per etter \u00e9n dag.<\/p>\n\n\n\n<p><strong>Innebygd innhold fra andre nettsteder<\/strong><\/p>\n\n\n\n<p>Artikler p\u00e5 dette nettstedet kan inneholde innebygd innhold (for eksempel videoer, bilder, artikler osv.). Innebygd innhold fra andre nettsteder oppf\u00f8rer seg p\u00e5 n\u00f8yaktig samme m\u00e5te som om den bes\u00f8kende har bes\u00f8kt det andre nettstedet.<\/p>\n\n\n\n<p>Disse nettstedene kan samle inn data om deg, bruke informasjonskapsler, bygge inn ekstra tredjepartssporing og overv\u00e5ke hvordan du samhandler med det innebygde innholdet, inkludert sporing av samhandlingen din dersom du har en konto og er logget inn p\u00e5 det nettstedet.<\/p>\n\n\n\n<p><strong>Hvem vi deler opplysningene dine med<\/strong><\/p>\n\n\n\n<p>Hvis du ber om tilbakestilling av passord, vil IP-adressen din bli inkludert i e-posten for tilbakestilling.<\/p>\n\n\n\n<p><strong>Hvor lenge vi oppbevarer opplysningene dine<\/strong><\/p>\n\n\n\n<p>Hvis du legger igjen en kommentar, blir kommentaren og metadataene lagret p\u00e5 ubestemt tid. Dette er slik at vi kan gjenkjenne og godkjenne oppf\u00f8lgingskommentarer automatisk i stedet for \u00e5 holde dem i en modereringsk\u00f8.<\/p>\n\n\n\n<p>For brukere som registrerer seg p\u00e5 nettstedet v\u00e5rt (dersom det gjelder), lagrer vi ogs\u00e5 personopplysningene de oppgir i brukerprofilen sin. Alle brukere kan se, redigere eller slette personopplysningene sine n\u00e5r som helst (bortsett fra at de ikke kan endre brukernavnet sitt). Nettstedsadministratorer kan ogs\u00e5 se og redigere denne informasjonen.<\/p>\n\n\n\n<p><strong>Hvilke rettigheter du har over opplysningene dine<\/strong><\/p>\n\n\n\n<p>Hvis du har en konto p\u00e5 dette nettstedet, eller har lagt igjen kommentarer, kan du be om \u00e5 f\u00e5 en eksportert fil med personopplysningene vi har om deg, inkludert alle opplysninger du har gitt oss. Du kan ogs\u00e5 be om at vi sletter alle personopplysninger vi har om deg. Dette omfatter ikke opplysninger vi er forpliktet til \u00e5 beholde av administrative, juridiske eller sikkerhetsmessige grunner.<\/p>\n\n\n\n<p><strong>Hvor opplysningene dine sendes<\/strong><\/p>\n\n\n\n<p>Kommentarer fra bes\u00f8kende kan bli kontrollert gjennom en automatisert tjeneste for spam-gjenkjenning.<\/p>","protected":false},"excerpt":{"rendered":"<p>Hvem vi er Nettstedsadressen v\u00e5r er: https:\/\/senterfornordligefolk.no. Kommentarer N\u00e5r bes\u00f8kende legger igjen kommentarer p\u00e5 nettstedet, samler vi inn dataene som vises i kommentarskjemaet, samt bes\u00f8kerens IP-adresse og nettleserens brukeragentstreng for \u00e5 hjelpe med \u00e5 oppdage spam. En anonymisert streng opprettet fra e-postadressen din (ogs\u00e5 kalt en hash) kan bli sendt til Gravatar-tjenesten for \u00e5 se&hellip; <a class=\"continue\" href=\"https:\/\/senterfornordligefolk.no\/se_no\/personvern\/\">Joatke lohkat<span> diehtosuodji<\/span><\/a><\/p>","protected":false},"author":1,"featured_media":0,"parent":0,"menu_order":0,"comment_status":"closed","ping_status":"open","template":"","meta":{"footnotes":""},"class_list":["post-3","page","type-page","status-publish"],"_hostinger_reach_plugin_has_subscription_block":false,"_hostinger_reach_plugin_is_elementor":false,"_links":{"self":[{"href":"https:\/\/senterfornordligefolk.no\/se_no\/wp-json\/wp\/v2\/pages\/3","targetHints":{"allow":["GET"]}}],"collection":[{"href":"https:\/\/senterfornordligefolk.no\/se_no\/wp-json\/wp\/v2\/pages"}],"about":[{"href":"https:\/\/senterfornordligefolk.no\/se_no\/wp-json\/wp\/v2\/types\/page"}],"author":[{"embeddable":true,"href":"https:\/\/senterfornordligefolk.no\/se_no\/wp-json\/wp\/v2\/users\/1"}],"replies":[{"embeddable":true,"href":"https:\/\/senterfornordligefolk.no\/se_no\/wp-json\/wp\/v2\/comments?post=3"}],"version-history":[{"count":1,"href":"https:\/\/senterfornordligefolk.no\/se_no\/wp-json\/wp\/v2\/pages\/3\/revisions"}],"predecessor-version":[{"id":50315,"href":"https:\/\/senterfornordligefolk.no\/se_no\/wp-json\/wp\/v2\/pages\/3\/revisions\/50315"}],"wp:attachment":[{"href":"https:\/\/senterfornordligefolk.no\/se_no\/wp-json\/wp\/v2\/media?parent=3"}],"curies":[{"name":"wp","href":"https:\/\/api.w.org\/{rel}","templated":true}]}}