{"id":48903,"date":"2025-10-05T18:45:05","date_gmt":"2025-10-05T18:45:05","guid":{"rendered":"https:\/\/senterfornordligefolk.no\/?page_id=48903"},"modified":"2026-03-07T14:26:16","modified_gmt":"2026-03-07T14:26:16","slug":"lokaler","status":"publish","type":"page","link":"https:\/\/senterfornordligefolk.no\/se_no\/lokaler\/","title":{"rendered":"Lanjat"},"content":{"rendered":"<div class=\"gb-element-c12f6a54\">\n<div class=\"gb-element-8d786fa7\">\n<div>\n<figure class=\"wp-block-video\"><video height=\"1080\" style=\"aspect-ratio: 1920 \/ 1080;\" width=\"1920\" autoplay controls loop muted src=\"https:\/\/senterfornordligefolk.no\/wp-content\/uploads\/2026\/03\/Om-lokaler.mp4\" playsinline><\/video><\/figure>\n<\/div>\n\n\n\n<div class=\"gb-element-98ae0d29\">\n<h2 class=\"gb-text\"><strong>Galggat go l\u00e1gidit kurssa, \u010doahkkima dahje konferansa? Leat go ohcame lanjaid gos s\u00e1htt\u00e1 \u00e1vvudit konfirma\u0161uvnna, g\u00e1sta dahje heajaid? Min lanjat heivehit buotl\u00e1gan doaluide.<\/strong><\/h2>\n\n\n\n<p class=\"gb-text\">Mis leat lanjat stuorit ja sm\u00e1vit kurssaide, konfer\u00e1nsaide ja ear\u00e1 doaluid. Don s\u00e1htt\u00e1t maidd\u00e1i di\u014bgot min kulturlatnja stuorit \u010doahkkimiidda ja doaluide (150 olbmo dass\u00e1i, \u010doahkkinlanja 10-20 olbmuide, feastalanja sulli 30 olbmuide. Dasalassin disponeret mii maid Nisga'a-viesu, gos le\u00e1a sadji 80 olbmuide, \u00e1rbevirola\u0161 darfegoa\u0111i 20 olbmuide ja l\u00e1vuid 15 gitta 70 olbmuide.<\/p>\n\n\n\n<p class=\"gb-text\">Di\u014bgo \u010doahkkinlanja ja catering midjiide, ja oahp\u00e1smuvvat maid mearras\u00e1mi kultuvrii borramu\u0161a bokte mii guossohuvvo. Min mearras\u00e1mi borramu\u0161as lea guovdd\u00e1\u017eis b\u00e1ikk\u00e1la\u0161 \u00e1rbevirola\u0161 borramu\u0161. V\u00e1llje min \u00e1igodatla\u0161 m\u00e1\u014bggabealat biebmolisttus maid g\u00e1vnnat d\u00e1ppe.<\/p>\n\n\n\n<h3 class=\"gb-text gb-text-80db0535\">V\u00e1ldde oktavuo\u0111a Davvi \u00c1lbmogiid Guovdd\u00e1\u017ein jus h\u00e1liidat eambbo die\u0111uid<\/h3>\n\n\n\n<a class=\"gb-text gb-text-9a635b57\" href=\"\/se_no\/kontakt-oss\/\">Oktavuohta<\/a>\n<\/div>\n<\/div>\n<\/div>\n\n\n\n<div>\n<div class=\"gb-element-e05f1642\">\n<div class=\"gb-element-a89fb58b\">\n<div class=\"gb-element-47bd67dc\">\n<figure>\n<a href=\"\/se_no\/lokaler\/storsal\/\"><img loading=\"lazy\" decoding=\"async\" width=\"1024\" height=\"768\" class=\"gb-media-e42ebf8a\" alt=\"Storsalen\" src=\"https:\/\/senterfornordligefolk.no\/wp-content\/uploads\/2025\/10\/image-1024x768-1.jpeg\" title=\"image-1024x768\" srcset=\"https:\/\/senterfornordligefolk.no\/wp-content\/uploads\/2025\/10\/image-1024x768-1.jpeg 1024w, https:\/\/senterfornordligefolk.no\/wp-content\/uploads\/2025\/10\/image-1024x768-1-300x225.jpeg 300w, https:\/\/senterfornordligefolk.no\/wp-content\/uploads\/2025\/10\/image-1024x768-1-768x576.jpeg 768w, https:\/\/senterfornordligefolk.no\/wp-content\/uploads\/2025\/10\/image-1024x768-1-16x12.jpeg 16w\" sizes=\"auto, (max-width: 1024px) 100vw, 1024px\" \/><\/a>\n\n\n\n<figcaption class=\"gb-text gb-text-b7f07dd4\"><strong>Stuoras\u00e1lla<\/strong><\/figcaption>\n<\/figure>\n\n\n\n<p>L\u00e1igohit kulturs\u00e1lla teknihkkala\u0161 d\u00e1vvirin:<br>Ru. 10 000<br>L\u00e1igohit kulturs\u00e1lla haga teknihkkala\u0161 d\u00e1vvirin:<br>Ru. 8 000<\/p>\n\n\n\n<p><strong>&nbsp;<\/strong><strong>Drift \/ Viessodoallu<\/strong>: 401 97 751<\/p>\n<\/div>\n\n\n\n<div class=\"gb-element-aedf6768\">\n<figure>\n<a href=\"\/se_no\/lokaler\/kjokken\/\"><img loading=\"lazy\" decoding=\"async\" width=\"768\" height=\"576\" class=\"gb-media-2591db57\" alt=\"Kj\u00f8kken og kafelokale\" src=\"https:\/\/senterfornordligefolk.no\/wp-content\/uploads\/2025\/10\/image2768x576.jpeg\" title=\"image2768x576\" srcset=\"https:\/\/senterfornordligefolk.no\/wp-content\/uploads\/2025\/10\/image2768x576.jpeg 768w, https:\/\/senterfornordligefolk.no\/wp-content\/uploads\/2025\/10\/image2768x576-300x225.jpeg 300w, https:\/\/senterfornordligefolk.no\/wp-content\/uploads\/2025\/10\/image2768x576-16x12.jpeg 16w\" sizes=\"auto, (max-width: 768px) 100vw, 768px\" \/><\/a>\n\n\n\n<figcaption class=\"gb-text gb-text-3cc21fe5\"><strong>Gievkan ja kafe\u00e1<\/strong><\/figcaption>\n\n\n\n<p>Gievkkan: Ru. 6 000<br>Kafe\u00e1: Ru. 4 000<\/p>\n\n\n\n<p><strong>Kj\u00f8kken \/ Gievkkan \/ Kitchen<\/strong><\/p>\n\n\n\n<p>Jus d\u00e1rbba\u0161at eambbo die\u0111uid v\u00e1lde oktavuo\u0111a Ann Kristinain telefovna bokte: +47 413 38 013, dahje e-boasta \u010da\u0111a annkristin@nordligefolk.no<\/p>\n<\/figure>\n<\/div>\n\n\n\n<div class=\"gb-element-ad2bb7a0\">\n<figure>\n<img loading=\"lazy\" decoding=\"async\" width=\"768\" height=\"576\" class=\"gb-media-04456240\" alt=\"Klubbrom\" src=\"https:\/\/senterfornordligefolk.no\/wp-content\/uploads\/2025\/10\/image2-768x576-1.jpeg\" title=\"image2-768x576\" srcset=\"https:\/\/senterfornordligefolk.no\/wp-content\/uploads\/2025\/10\/image2-768x576-1.jpeg 768w, https:\/\/senterfornordligefolk.no\/wp-content\/uploads\/2025\/10\/image2-768x576-1-300x225.jpeg 300w, https:\/\/senterfornordligefolk.no\/wp-content\/uploads\/2025\/10\/image2-768x576-1-16x12.jpeg 16w\" sizes=\"auto, (max-width: 768px) 100vw, 768px\" \/>\n\n\n\n<figcaption class=\"gb-text gb-text-868d6447\"><strong>Klubbalatnja \/ \u010doahkkinlatnja<\/strong><\/figcaption>\n\n\n\n<p><strong>Klubbalatnja&nbsp;<\/strong>(30 olbmo): Ru. 3 000<br><strong>\u010coahkkinlatnja&nbsp;<\/strong>(16 olbmo)<strong>:&nbsp;<\/strong>Ru. 1 500<br><strong>Oahppolatnja<\/strong>&nbsp;(10 olbmo): Ru.<strong>&nbsp;<\/strong>700<br><strong>Darfegoahti<\/strong>&nbsp;(20 olbmo): Ru.<strong>&nbsp;<\/strong>500<\/p>\n\n\n\n<p><strong>&nbsp;<\/strong><strong>Drift \/ Viessodoallu<\/strong>: 401 97 751<\/p>\n<\/figure>\n<\/div>\n<\/div>\n<\/div>\n<\/div>","protected":false},"excerpt":{"rendered":"<p>Skal du arrangere kurs, m\u00f8te eller konferanse? Leter du egnede lokaler for feiring av konfirmasjon, d\u00e5p eller bryllup? V\u00e5re lokaler egner seg til arrangementer av alle slag. Vi har lokaler til st\u00f8rre og mindre kurs, konferanser, konfirmasjoner og andre arrangement. Du kan bestille v\u00e5r kultursal til st\u00f8rre m\u00f8ter og arrangementer (inntil 150 personer), m\u00f8terom for&hellip; <a class=\"continue\" href=\"https:\/\/senterfornordligefolk.no\/se_no\/lokaler\/\">Joatke lohkat<span> Lanjat<\/span><\/a><\/p>","protected":false},"author":1,"featured_media":48897,"parent":0,"menu_order":0,"comment_status":"closed","ping_status":"closed","template":"","meta":{"footnotes":""},"class_list":["post-48903","page","type-page","status-publish","has-post-thumbnail"],"_hostinger_reach_plugin_has_subscription_block":false,"_hostinger_reach_plugin_is_elementor":false,"_links":{"self":[{"href":"https:\/\/senterfornordligefolk.no\/se_no\/wp-json\/wp\/v2\/pages\/48903","targetHints":{"allow":["GET"]}}],"collection":[{"href":"https:\/\/senterfornordligefolk.no\/se_no\/wp-json\/wp\/v2\/pages"}],"about":[{"href":"https:\/\/senterfornordligefolk.no\/se_no\/wp-json\/wp\/v2\/types\/page"}],"author":[{"embeddable":true,"href":"https:\/\/senterfornordligefolk.no\/se_no\/wp-json\/wp\/v2\/users\/1"}],"replies":[{"embeddable":true,"href":"https:\/\/senterfornordligefolk.no\/se_no\/wp-json\/wp\/v2\/comments?post=48903"}],"version-history":[{"count":18,"href":"https:\/\/senterfornordligefolk.no\/se_no\/wp-json\/wp\/v2\/pages\/48903\/revisions"}],"predecessor-version":[{"id":50588,"href":"https:\/\/senterfornordligefolk.no\/se_no\/wp-json\/wp\/v2\/pages\/48903\/revisions\/50588"}],"wp:featuredmedia":[{"embeddable":true,"href":"https:\/\/senterfornordligefolk.no\/se_no\/wp-json\/wp\/v2\/media\/48897"}],"wp:attachment":[{"href":"https:\/\/senterfornordligefolk.no\/se_no\/wp-json\/wp\/v2\/media?parent=48903"}],"curies":[{"name":"wp","href":"https:\/\/api.w.org\/{rel}","templated":true}]}}