{"id":48975,"date":"2025-10-06T00:50:45","date_gmt":"2025-10-06T00:50:45","guid":{"rendered":"https:\/\/senterfornordligefolk.no\/?page_id=48975"},"modified":"2025-10-13T21:24:56","modified_gmt":"2025-10-13T21:24:56","slug":"kjokken","status":"publish","type":"page","link":"https:\/\/senterfornordligefolk.no\/se_no\/lokaler\/kjokken\/","title":{"rendered":"Gievkan"},"content":{"rendered":"<div class=\"gb-element-8ee28c68\">\n<div class=\"gb-element-b1432104\">\n<div class=\"gb-element-8b2bd6d9\">\n<div class=\"gb-element-8dd8e566\">\n<figure class=\"wp-block-image size-full\"><img loading=\"lazy\" decoding=\"async\" width=\"768\" height=\"576\" src=\"https:\/\/senterfornordligefolk.no\/wp-content\/uploads\/2025\/10\/image2768x576.jpeg\" alt=\"Kj\u00f8kken og kafelokale\" class=\"wp-image-49105\" srcset=\"https:\/\/senterfornordligefolk.no\/wp-content\/uploads\/2025\/10\/image2768x576.jpeg 768w, https:\/\/senterfornordligefolk.no\/wp-content\/uploads\/2025\/10\/image2768x576-300x225.jpeg 300w, https:\/\/senterfornordligefolk.no\/wp-content\/uploads\/2025\/10\/image2768x576-16x12.jpeg 16w\" sizes=\"auto, (max-width: 768px) 100vw, 768px\" \/><figcaption class=\"wp-element-caption\">Gievkan ja kafe\u00e1<\/figcaption><\/figure>\n\n\n\n<figure class=\"wp-block-image size-full\"><img loading=\"lazy\" decoding=\"async\" width=\"1024\" height=\"681\" src=\"https:\/\/senterfornordligefolk.no\/wp-content\/uploads\/2025\/10\/Aja_Foto_Orjan_Bertelsen05-1024x681-1.jpg\" alt=\"Senter for nordlige folk\" class=\"wp-image-48897\" srcset=\"https:\/\/senterfornordligefolk.no\/wp-content\/uploads\/2025\/10\/Aja_Foto_Orjan_Bertelsen05-1024x681-1.jpg 1024w, https:\/\/senterfornordligefolk.no\/wp-content\/uploads\/2025\/10\/Aja_Foto_Orjan_Bertelsen05-1024x681-1-300x200.jpg 300w, https:\/\/senterfornordligefolk.no\/wp-content\/uploads\/2025\/10\/Aja_Foto_Orjan_Bertelsen05-1024x681-1-768x511.jpg 768w, https:\/\/senterfornordligefolk.no\/wp-content\/uploads\/2025\/10\/Aja_Foto_Orjan_Bertelsen05-1024x681-1-18x12.jpg 18w\" sizes=\"auto, (max-width: 1024px) 100vw, 1024px\" \/><\/figure>\n<\/div>\n\n\n\n<div class=\"gb-element-5a501d39\">\n<h2 class=\"gb-text\">Min mearras\u00e1mi gievkan<\/h2>\n\n\n\n<p class=\"gb-text\">Goikebiergum\u00e1lis, guopparm\u00e1lis... Oahp\u00e1smuva mearras\u00e1mi kultuvrii biepmuid bokte. Guovllu biebmo\u00e1rbevierut addet midjiide stuorra kulturv\u00e1s\u00e1husaid ja muitalit olu min kultuvrra birra. Bures boahtin oass\u00e1lastit min mearras\u00e1mi borramu\u0161v\u00e1s\u00e1husaide main lea fokus b\u00e1ikk\u00e1la\u0161 biepmuide. Mii b\u00e1lvalit du\u0161\u0161e di\u014bgojumi mielde!<\/p>\n\n\n\n<div class=\"gb-element-dd97372a\">\n<p class=\"gb-text gb-text-3f1a5369\">Liegga biebmu<\/p>\n\n\n\n<ul class=\"wp-block-list\">\n<li>Boahkkeguolli ja ru\u0161pemeasttanas, spiidebuoidi ja vu\u0161\u0161on bo\u0111ehat<\/li>\n\n\n\n<li>Geahppasit s\u00e1ltejuvvon dorski mas lea vilgess\u00e1vzza, ruotnasat ja vu\u0161\u0161on bo\u0111ehat<\/li>\n\n\n\n<li>Goikebiergurudda. Das lea s\u00e1vzzabiergu, bo\u0111ehat, ru\u0161pit, n\u00e1ppo\u0161.<\/li>\n\n\n\n<li>Bi\u0111us - boazobiergum\u00e1lli mas leat ru\u0161pit ja bo\u0111ehat<\/li>\n\n\n\n<li>Sm\u00e1vva biht\u00e1t vuoks\u00e1- ja s\u00e1vzzabiergu, eartameasttanas, ru\u0161pit ja vu\u0161\u0161on bo\u0111ehat<\/li>\n\n\n\n<li>Fuo\u0111\u0111uruitu mas leat ruotnasat ja ruovttosr\u00e1hkaduvvon bo\u0111etmeastu<\/li>\n\n\n\n<li>Ruovttosr\u00e1hkaduvvon karbonadat, eartat, l\u00e1vki ja monni<\/li>\n<\/ul>\n<\/div>\n\n\n\n<div class=\"gb-element-35c5cfc1\">\n<p class=\"gb-text gb-text-3e5a4b4e\"><strong>Galbma buffet<\/strong><\/p>\n\n\n\n<p>mas lea suovastuhttejuvvon luossa, ruovttosr\u00e1hkaduvvon biergurulla, devdon monit main lea reahkat ja luossa, ie\u0161gu\u0111etge spiide\u010doarbbealit, ommanis steikejuvvon luossa mii lea galbmon, druesalata ja pastasalata, l\u00e1ibi ja vuodj\u00e1.<\/p>\n\n\n\n<p class=\"gb-text gb-text-c909ca70\"><strong>Eankilis biebmu<\/strong><\/p>\n\n\n\n<p>Reakaid, l\u00e1ibi ja majonesa<br>Ruovttosl\u00e1ibun l\u00e1ibi, ru\u0161kesvuostta ja fierrujuvvon muorjemeastu<\/p>\n<\/div>\n\n\n\n<h3 class=\"gb-text\">Leatgo dus ear\u00e1 s\u00e1valdagat? <br>V\u00e1ldde \u00e1innas oktavuo\u0111a.<\/h3>\n\n\n\n<a class=\"gb-text gb-text-9a635b57\" href=\"\/se_no\/kontakt-oss\/\">Oktavuohta<\/a>\n<\/div>\n<\/div>\n<\/div>\n<\/div>","protected":false},"excerpt":{"rendered":"<p>V\u00e5rt sj\u00f8samiske kj\u00f8kken \u2028 T\u00f8rrkj\u00f8ttsuppe, rognbollesuppe\u2026 Bli kjent med sj\u00f8samisk kultur gjennom mat. Mattradisjonene i omr\u00e5det gir oss gode kulturopplevelser og forteller mye om kulturen v\u00e5r. Velkommen til \u00e5 ta del i v\u00e5re sj\u00f8samiske matopplevelser med fokus p\u00e5 lokal mat. Vi serverer kun p\u00e5 bestilling! Varmretter Koldtbord med r\u00f8kt laks, hjemmelaga kj\u00f8ttrull, fylte egg med&hellip; <a class=\"continue\" href=\"https:\/\/senterfornordligefolk.no\/se_no\/lokaler\/kjokken\/\">Joatke lohkat<span> Gievkan<\/span><\/a><\/p>","protected":false},"author":1,"featured_media":0,"parent":48903,"menu_order":0,"comment_status":"closed","ping_status":"closed","template":"","meta":{"footnotes":""},"class_list":["post-48975","page","type-page","status-publish"],"_hostinger_reach_plugin_has_subscription_block":false,"_hostinger_reach_plugin_is_elementor":false,"_links":{"self":[{"href":"https:\/\/senterfornordligefolk.no\/se_no\/wp-json\/wp\/v2\/pages\/48975","targetHints":{"allow":["GET"]}}],"collection":[{"href":"https:\/\/senterfornordligefolk.no\/se_no\/wp-json\/wp\/v2\/pages"}],"about":[{"href":"https:\/\/senterfornordligefolk.no\/se_no\/wp-json\/wp\/v2\/types\/page"}],"author":[{"embeddable":true,"href":"https:\/\/senterfornordligefolk.no\/se_no\/wp-json\/wp\/v2\/users\/1"}],"replies":[{"embeddable":true,"href":"https:\/\/senterfornordligefolk.no\/se_no\/wp-json\/wp\/v2\/comments?post=48975"}],"version-history":[{"count":4,"href":"https:\/\/senterfornordligefolk.no\/se_no\/wp-json\/wp\/v2\/pages\/48975\/revisions"}],"predecessor-version":[{"id":49188,"href":"https:\/\/senterfornordligefolk.no\/se_no\/wp-json\/wp\/v2\/pages\/48975\/revisions\/49188"}],"up":[{"embeddable":true,"href":"https:\/\/senterfornordligefolk.no\/se_no\/wp-json\/wp\/v2\/pages\/48903"}],"wp:attachment":[{"href":"https:\/\/senterfornordligefolk.no\/se_no\/wp-json\/wp\/v2\/media?parent=48975"}],"curies":[{"name":"wp","href":"https:\/\/api.w.org\/{rel}","templated":true}]}}