{"id":49046,"date":"2025-10-06T14:56:54","date_gmt":"2025-10-06T14:56:54","guid":{"rendered":"https:\/\/senterfornordligefolk.no\/?page_id=49046"},"modified":"2026-03-09T12:14:33","modified_gmt":"2026-03-09T12:14:33","slug":"om-oss","status":"publish","type":"page","link":"https:\/\/senterfornordligefolk.no\/se_no\/om-oss\/","title":{"rendered":"Min birra"},"content":{"rendered":"<div class=\"gb-element-3e36d94a\">\n<div class=\"gb-element-7f8c6572\">\n<p><strong>Svein Leiros<br><\/strong>Beaivvala\u0161 jo\u0111iheaddji<strong><br><\/strong>+47 957 93 799<strong><br><\/strong>svein@nordligefolk.no<\/p>\n<\/div>\n\n\n\n<div class=\"gb-element-29403828\">\n<p><strong>Lisa Vangen<\/strong><br>Musea\njo\u0111iheaddji<br>+47 911 04 059<br>lisa@nordligefolk.no<\/p>\n<\/div>\n\n\n\n<div class=\"gb-element-8a06ba5c\">\n<p><strong>Martin Manndal<\/strong><br>Doaibma\njo\u0111iheaddji<br>+47 401 97 751<br>martin@nordligefolk.no<\/p>\n<\/div>\n\n\n\n<div class=\"gb-element-1db90535\">\n<p><strong>Siri Mari Vitalis Larsen<\/strong><br>Gaskkusteaddji<br>+47 905 40 995<br>siri.mari@nordligefolk.no<\/p>\n<\/div>\n\n\n\n<div class=\"gb-element-13e4a94a\">\n<p><strong>Gunnlaug Oppervoll Isaksen<br><\/strong>Bassi<strong><br><\/strong>+47 949 85 607<br>gunnlaug@nordligefolk.no<\/p>\n<\/div>\n\n\n\n<div class=\"gb-element-1c35738d\">\n<p><strong>Isak Anta M. Kvitfjell<\/strong><br>Museabargi<br>+47 912 47 464<br>isak@nordligefolk.no<\/p>\n<\/div>\n\n\n\n<div class=\"gb-element-cbf2d56c\">\n<p><strong>Ann-Kristin Hansen<\/strong><br>Gievkanhoavda<br>+47 413 38 013<br>annkristin@nordligefolk.no<\/p>\n<\/div>\n<\/div>\n\n\n\n<hr class=\"wp-block-separator has-alpha-channel-opacity\"\/>\n\n\n\n<div>\n<div class=\"gb-element-79dfcc8e\">\n<div class=\"gb-element-ef0a72d7\">\n<div class=\"gb-element-0c3ede5f\">\n<p><strong>Davvi \u00e1lbmogiid guovdd\u00e1\u0161 \u2013 Senter for nordlige folk<\/strong><\/p>\n\n\n\n<p>Davvi \u00c1lbmogiid Guovdd\u00e1\u0161 OS lea aktiiva S\u00e1mi kulturguovdd\u00e1\u0161 ja \u00e1lgo\u00e1lbmot guovdd\u00e1\u0161 davviguovlluin ja S\u00e1mis gos guovdd\u00e1\u0161 barg\u00e1. Guovdd\u00e1\u0161 ovddida ja gaskkusta Mearras\u00e1mi giela, d\u00e1idaga, kultuvrra ja servodateallima, ja die\u0111uid davviguovllu \u00e1lgo\u00e1lbmogiid birra.<\/p>\n\n\n\n<p>Guovdd\u00e1\u017eis lea d\u00e1l d\u00e1vvirvuork\u00e1, giellaguovdd\u00e1\u0161, girjer\u00e1dju, \u010d\u00e1j\u00e1huslanjat, gievkkan ja kantuvralanjat. S\u00e1mi organisa\u0161uvnnat mat leat d\u00e1ppe leat earet ear\u00e1 S\u00e1mediggi, Riddu Ri\u0111\u0111u festiv\u00e1la, S\u00e1mi giellaguovdd\u00e1\u0161 ja S\u00e1mi girjer\u00e1djub\u00e1lvalus. Dasa lassin lea G\u00e1ivuona \u00e1lbmotgirjer\u00e1jus, kulturskuvla ja nuoraidklubba maidd\u00e1i d\u00e1ppe guovdd\u00e1\u017eis.<\/p>\n\n\n\n<p>D\u00c1G lea oassin S\u00e1mi kulturguovdd\u00e1\u017ea struktuvrras ja gok\u010d\u00e1 erenoam\u00e1\u017eit Davvi-Romssa guovllu. Guovdd\u00e1\u017ea jo\u0111iha ee. doaibmadoarjaga S\u00e1mi parlameanttas ja Romssa fylkkasuohkanis.<\/p>\n<\/div>\n\n\n\n<div>\n<img loading=\"lazy\" decoding=\"async\" width=\"1024\" height=\"683\" class=\"gb-media-21004011\" alt=\"\" src=\"https:\/\/senterfornordligefolk.no\/wp-content\/uploads\/2025\/10\/IMG_0111-2-1024x683-1.jpg\" title=\"IMG_0111-2-1024x683\" srcset=\"https:\/\/senterfornordligefolk.no\/wp-content\/uploads\/2025\/10\/IMG_0111-2-1024x683-1.jpg 1024w, https:\/\/senterfornordligefolk.no\/wp-content\/uploads\/2025\/10\/IMG_0111-2-1024x683-1-300x200.jpg 300w, https:\/\/senterfornordligefolk.no\/wp-content\/uploads\/2025\/10\/IMG_0111-2-1024x683-1-768x512.jpg 768w, https:\/\/senterfornordligefolk.no\/wp-content\/uploads\/2025\/10\/IMG_0111-2-1024x683-1-18x12.jpg 18w\" sizes=\"auto, (max-width: 1024px) 100vw, 1024px\" \/>\n<\/div>\n<\/div>\n\n\n\n<div class=\"gb-element-1dd88419\">\n<p><strong>Guovdd\u00e1\u017ea \u00e1saheami historj\u00e1<\/strong><\/p>\n\n\n\n<p>1988:s h\u00e1liidedje s\u00e1mi organisa\u0161uvnnat hukset s\u00e1mi kultuvrii deaivvadanb\u00e1ikki. Diga\u0161tallamiid ma\u014b\u014b\u00e1 ie\u0161gu\u0111et aktevrraiguin, de sohppojuvvui ovddidit Olmm\u00e1iv\u00e1kki searvevuo\u0111ah\u00e1lla S\u00e1mi guovdd\u00e1\u017ein danne go eanas aktevrrain guovllus leat s\u00e1mi ruohttasat.<\/p>\n\n\n\n<p>Pl\u00e1nat ovd\u00e1nedje viid\u00e1seappot ulbmilla\u0161 pro\u0161eaktan: \u00e1sahit na\u0161un\u00e1la s\u00e1mi gelbbola\u0161vuo\u0111aguovdd\u00e1\u017ea namain&nbsp;<strong>\u00c1ja Samisk Senter BA<\/strong>Jahke\u010doahkkinmearr\u00e1dusaid bokte 1993:s ja 1994:s sirde buot oasseeaigg\u00e1dat ossosiid o\u0111\u0111a guovdd\u00e1\u017eii. Seamm\u00e1s \u010da\u0111ahuvvui ovttadatviiddideapmi, gos joavkkut ja searvvit, gielddat ja ear\u00e1 guoskeva\u0161 aktevrrat bovdejuvvojedje oastit ossosiid.<\/p>\n\n\n\n<p>Guovdd\u00e1\u017ea stuorra viiddideapmi g\u00e1rv\u00e1nii 1995:s. O\u0111\u0111a visti f\u00e1lai heivvola\u0161 sajiid earret ear\u00e1&nbsp;<strong>NRK S\u00e1mi Radio<\/strong>, \u00c1ja Samisk Senter administra\u0161uvdnii, gievkkanossodahkki,&nbsp;<strong>Riddu Ri\u0111\u0111ui<\/strong>,&nbsp;<strong>Davvi-Romssa Musea<\/strong>&nbsp;ja&nbsp;<strong>S\u00e1mi giellaguovdd\u00e1\u017eii<\/strong>.<\/p>\n\n\n\n<p>Ovddideamis lei goluid r\u00e1mma 4,7 miljovnna ruvnno, ja dat ruhtaduvvui ru\u0111aiguin&nbsp;<strong>Romssa fylhkkasuohkan<\/strong>,&nbsp;<strong>S\u00e1mediggi<\/strong>,&nbsp;<strong>Kulturdepartemeanta<\/strong>,&nbsp;<strong>G\u00e1ivuona suohkan<\/strong>&nbsp;ja loana mii gok\u010d\u00e1 50% goluid.<\/p>\n\n\n\n<h4 class=\"wp-block-heading\"><a href=\"https:\/\/senterfornordligefolk.no\/se_no\/om-oss\/#1518682580653-7bc88b2f-bb3e\">Stuorideapmi 2005:s ja 2009:s<\/a><\/h4>\n\n\n\n<p>\u00c1ja s\u00e1mi guovdd\u00e1\u017ea viid\u00e1set oasseviiddideapmi g\u00e1rv\u00e1nii 2005:s ja attii o\u0111\u0111a ja stuor\u00e1t lanjaid S\u00e1mi giellaguovdd\u00e1\u017eii, guovllula\u0161 s\u00e1mi girjer\u00e1djob\u00e1lvalussii, S\u00e1medigg\u00e1i, Riddu Ri\u0111\u0111u festiv\u00e1lii ja guovdd\u00e1\u017ea h\u00e1lddahussii. Guovdd\u00e1\u017ea viiddideami 2005:s 14 miljovnna kruvnnain ruhtadedje Romssa fylkkagielda, S\u00e1mediggi, G\u00e1ivuona gielda ja \u00c1ja s\u00e1mi guovdd\u00e1\u0161 loanain 3,5 miljovnna ruvnno. Ruhtadeapmi \u00e1rvvo\u0161tallojuvvui guovllula\u0161 lasiheapmin ja lei jurdda\u0161uvvon gok\u010dat akuhta d\u00e1rbbuid mat vuordit olles st\u00e1htala\u0161 ruhtadeami ollisla\u0161 ovddideapm\u00e1i.<\/p>\n\n\n\n<p>Kulturdepartemeanta goh\u010d\u010dui 2007:s Statsbygga viiddidit guovdd\u00e1\u017ea 22 miljovnna kruvnnain vai oa\u017e\u017eu lanjaid s\u00e1mi museai, girjer\u00e1djosii ja unna boradanlanjaide olggobealde kulturviesu. Viiddideapmi g\u00e1rv\u00e1nii 2011:s ja dan rabai Riddu Ri\u0111\u0111u \u00e1igge kulturministtar. Seamm\u00e1s rahppui maidd\u00e1i o\u0111\u0111a D\u00e1l\u00e1\u00e1iggi musea guovdd\u00e1\u017eis, masa S\u00e1medigger\u00e1\u0111\u0111i lea add\u00e1n s\u00e1mi museovddasv\u00e1st\u00e1dusa Davvi-Romsii, M\u00e1tta-Gaska-Romsii ja Romsii.<\/p>\n\n\n\n<h4 class=\"wp-block-heading\"><a href=\"https:\/\/senterfornordligefolk.no\/se_no\/om-oss\/#1518682633438-09dac590-8e87\">Na\u0161un\u00e1la bargu 2009 r\u00e1jis<\/a><\/h4>\n\n\n\n<p>Guovdd\u00e1\u0161 rievdaduvvui 2009:s mearras\u00e1mi guovdd\u00e1\u017eis (\u00c1ja s\u00e1mi guovdd\u00e1\u0161) davvi olbmuid guovdd\u00e1\u017ein. Guovdd\u00e1\u017eis lea ain nation\u00e1la s\u00e1mi mi\u0161\u0161uvdna; ovddidit ja seailluhit mearras\u00e1mi giela ja kultuvrra. Dasa lassin addojuvvui guovdd\u00e1\u017eii davvi eami\u00e1lbmotfokus. Riddu Ri\u0111\u0111us lea 2000-logu \u00e1lggu r\u00e1jes leama\u0161 jahk\u00e1sa\u010d\u010dat fokus davvi eami\u00e1lbmogiidda. Gosa okta \u00e1lgo\u00e1lbmot davvin lea bovdejuvvon ja ovdanbukt\u00e1n \u00e1lbmoga festiv\u00e1las. Olbmot oahp\u00e1smahtte min ie\u017easet musihkkii, d\u00e1nsumii, ritu\u00e1laide ja ear\u00e1 kultuvrrala\u0161 ovdanbuktimiidda moadde beaivvi festiv\u00e1las. D\u00e1n fokusa bokte oidnui \u00e1rrat ahte m\u00e1htola\u0161vuo\u0111a gaskkusteapmi davvi \u00e1lgo\u00e1lbmogiid birra galggai nannejuvvot ja gaskkustuvvot olggobeall\u00e1i jahk\u00e1sa\u0161 festiv\u00e1la. \u00c1ja s\u00e1mi guovdd\u00e1\u0161, mii lei Riddu Ri\u0111\u0111u fysala\u0161 r\u00e1mma, oidnui dalle lunddola\u0161 \u00e1sahussan mii galggai ja s\u00e1htii joatkit d\u00e1n.<\/p>\n\n\n\n<p>O\u0111\u0111asisstrukturerema ma\u014b\u014b\u00e1 guovdd\u00e1\u0161 oa\u010d\u010dui guovttel\u00e1gan mi\u0161uvnna; veahkehit lasihit ipm\u00e1rdusa eami\u00e1lbmogiid birra dan bokte ahte gaskkustit m\u00e1htu davvi eami\u00e1lbmogiid birra, ja nannet ja ovddidit mearras\u00e1mi giela, d\u00e1idaga ja kultuvrra.<\/p>\n<\/div>\n\n\n\n<div class=\"gb-accordion\">\n<div class=\"gb-accordion__item gb-accordion__item-eb488719\">\n<div role=\"button\" tabindex=\"0\" class=\"gb-accordion__toggle gb-accordion__toggle-dea5d6b1\" id=\"gb-accordion-toggle-dea5d6b1\">\n<span class=\"gb-text\">Njuolggadusat<\/span>\n\n\n\n<span class=\"gb-accordion__toggle-icon gb-accordion__toggle-icon-5e387634\"><span class=\"gb-accordion__toggle-icon-open\"><svg aria-hidden=\"true\" viewbox=\"0 0 256 256\"><rect width=\"256\" height=\"256\" fill=\"none\"><\/rect><polyline points=\"208 96 128 176 48 96\" fill=\"none\" stroke=\"currentColor\" stroke-linecap=\"round\" stroke-linejoin=\"round\" stroke-width=\"16\"><\/polyline><\/svg><\/span><span class=\"gb-accordion__toggle-icon-close\"><svg aria-hidden=\"true\" viewbox=\"0 0 256 256\"><rect width=\"256\" height=\"256\" fill=\"none\"><\/rect><polyline points=\"48 160 128 80 208 160\" fill=\"none\" stroke=\"currentColor\" stroke-linecap=\"round\" stroke-linejoin=\"round\" stroke-width=\"16\"><\/polyline><\/svg><\/span><\/span>\n<\/div>\n\n\n\n<div class=\"gb-accordion__content\" id=\"gb-accordion-content-53707bf6\">\n<div class=\"gb-element-e6a3ffc3\">\n<div>\n<p><strong>\u00a7 1<\/strong><\/p>\n\n\n\n<p>Fitnodaga namma galg\u00e1 leat Senter for Nordlige Folk AS \/ Davvi \u00c1lbmogiid Guovdd\u00e1\u0161 OS.<\/p>\n\n\n\n<p>\u00a7 2<\/p>\n\n\n\n<p>Fitnodaga doaibmaossodat lea 1940 G\u00e1ivuotna ja \u010dujuhus lea 9144 Samuelsberg.<\/p>\n\n\n\n<p><strong>\u00a7 3<\/strong><\/p>\n\n\n\n<p>Fitnodaga ulbmil lea ovddidit, suodjalit ja ovddidit s\u00e1mi, \u00e1lgo\u00e1lbmogiid ja davviguovlluid kultuvrraid mat vuo\u0111\u0111uduvvet Mearras\u00e1pm\u00e1i.<\/p>\n\n\n\n<p>Fitnodat \u0161add\u00e1 resursaguovdd\u00e1\u017ein aktevrraide geat barget fitnodaga \u00e1igumu\u0161aid ovdii b\u00e1ikk\u00e1la\u0161, region\u00e1la, na\u0161un\u00e1la ja riikkaidgaskasa\u0161 d\u00e1sis. Guovdd\u00e1\u0161 galg\u00e1 dahkat davvi \u00e1lbmogiid kultuvrraid eanet ol\u00e1muttos, ja leat mielde lasiheame m\u00e1htu ja di\u0111ola\u0161vuo\u0111a \u00e1lgo\u00e1lbmogiid birra.<\/p>\n\n\n\n<p><strong>\u00a7 4<\/strong><\/p>\n\n\n\n<p>Ekonomala\u0161 vuoitu fitnodaga doaimmain galg\u00e1 goittotge geavahuvvot ollisla\u010d\u010dat fitnodaga ulbmila ovddideapm\u00e1i, nu ahte fitnodat s\u00e1htt\u00e1 dahkat ruhtajuolludemiid gustova\u0161 vearro- ja rehketdoallonjuolggadusaid siskkobealde. Fitnodat ii galgga m\u00e1ksit divadiid oassebealiide.<\/p>\n\n\n\n<p><strong>\u00a7 5<\/strong><\/p>\n\n\n\n<p>Fitnodaga ossodatkapit\u00e1la lea 4.360.000 ruvnno, juhkkojuvvon 21.800 oass\u00e1i main lea 200 ruvnno guhtege, ollisla\u010d\u010dat m\u00e1ksojuvvon ja fitnodaga nammii.<\/p>\n\n\n\n<p><strong>\u00a7 6<br><\/strong>Oassebealit leat friija sirdojuvvon, muhto r\u00e1ddjejuvvon oasseeaigg\u00e1diidda geat stivrra oainnu mielde s\u00e1httet leat mielde ovddideamen fitnodaga ulbmila. Ovddalgihtii vuoigatvuo\u0111at oassebealiid sirdima v\u00e1r\u00e1s gustojit du\u0161\u0161e oassebealiide geain lea 10% dahje eanet oamastanvuoigatvuohta. Buot oassesirdin galg\u00e1 dohkkehuvvot stivrras.<\/p>\n\n\n\n<p><strong>\u00a7 7<\/strong><\/p>\n\n\n\n<p>Fitnodaga stivrras galget leat 5 miellahtu, geain beliin lea guhtege vuoigatvuohta nammadit ovtta ovddasteaddji. Persovnnala\u0161 sadj\u00e1sa\u0161 ovddasteaddjit galget v\u00e1lljejuvvot.<\/p>\n\n\n\n<p>Stivralahtuin lea doaibma\u00e1igodat 2 jagi. Eaktuduvvo ahte Norgga fitnodatl\u00e1gas o\u0111\u0111a stivralahtu v\u00e1lljenvuogit \u010duvvojuvvojit.<\/p>\n\n\n\n<p><strong>\u00a7 8<\/strong><\/p>\n\n\n\n<p>Fitnodaga vuoll\u00e1i\u010d\u00e1llin lea stivrrajo\u0111iheaddji ja 1 stivralahttu ovttas.<\/p>\n\n\n\n<p><strong>\u00a7 9<\/strong><\/p>\n\n\n\n<p>V\u00e1ldo\u010doahkkimat \u010dohkkejuvvojit fitnodatl\u00e1ga mearr\u00e1dusaid mielde.<\/p>\n\n\n\n<p>V\u00e1ldo\u010doahkkin meannuda:<\/p>\n\n\n\n<p>1.     Dohkkehit jahkerehketdoalu ja jahkedie\u0111\u00e1husa.<\/p>\n\n\n\n<p>2.     Badjeb\u00e1hcaga dahje vuoll\u00e1ib\u00e1hcaga gok\u010dan \u00e1sahuvvon bal\u00e1nssa vuo\u0111ul.<\/p>\n\n\n\n<p>3.     Stivrra v\u00e1ljjen, stivrrajo\u0111iheaddji ja stivrra sadj\u00e1sa\u0161 lahttu v\u00e1lljen.<\/p>\n\n\n\n<p>4.     Stivrra ja d\u00e1rkkistangotti b\u00e1lkk\u00e1 mearr\u00e1dus.<\/p>\n\n\n\n<p>5.     Ear\u00e1 \u00e1\u0161\u0161it mat l\u00e1ga vuo\u0111ul gullet v\u00e1ldo\u010doahkkimii.<\/p>\n\n\n\n<p><strong>\u00a7 10<\/strong><\/p>\n\n\n\n<p>Erenoam\u00e1\u0161 oktasa\u0161\u010doahkkin goh\u010d\u010dojuvvo go stivra dahje oasusoas\u00e1la\u010d\u010dat, geat ovddastit unnimusat 1\/10 oasuskapit\u00e1las, dan g\u00e1ibidit.<\/p>\n\n\n\n<p>Erenoam\u00e1\u0161 oktasa\u0161\u010doahkkin gie\u0111ahall\u00e1 du\u0161\u0161e die\u0111\u00e1husas namuhuvvon \u00e1\u0161\u0161iid.<\/p>\n\n\n\n<p><strong>\u00a7 11<\/strong><\/p>\n\n\n\n<p>Fitnodaga artihkkaliid rievdadusevttohusat galget s\u00e1ddejuvvot stivrii ma\u014bimust\u00e1 golbma m\u00e1nu ovdal go \u00e1\u0161\u0161i gie\u0111ahallo v\u00e1ldo\u010doahkkimis ja almmuhuvvot oas\u00e1la\u010d\u010daide ma\u014bimust\u00e1 m\u00e1nu ovdal gie\u0111ahallama.<\/p>\n\n\n\n<p><strong>\u00a7 12<\/strong><\/p>\n\n\n\n<p>Jus searvi loahpahuvvo, de galget searvvi opmodagat juogaduvvot eaigg\u00e1diid gaskkas nu movt oamastangea\u017e\u017eu mielddisbukt\u00e1.<\/p>\n\n\n\n<p><strong>\u00a7 13<\/strong><\/p>\n\n\n\n<p>Mu\u0111ui \u010dujuhuvvo oamastanl\u00e1hkii mii lea gustojeaddji goas fal.<\/p>\n<\/div>\n<\/div>\n<\/div>\n<\/div>\n<\/div>\n\n\n\n<div class=\"gb-accordion\">\n<div class=\"gb-accordion__item gb-accordion__item-f11a9cd6\">\n<div role=\"button\" tabindex=\"0\" class=\"gb-accordion__toggle gb-accordion__toggle-86fa1092\" id=\"gb-accordion-toggle-86fa1092\">\n<span class=\"gb-text\">Jahkedie\u0111\u00e1husat<\/span>\n\n\n\n<span class=\"gb-accordion__toggle-icon gb-accordion__toggle-icon-408dbd31\"><span class=\"gb-accordion__toggle-icon-open\"><svg aria-hidden=\"true\" viewbox=\"0 0 256 256\"><rect width=\"256\" height=\"256\" fill=\"none\"><\/rect><polyline points=\"208 96 128 176 48 96\" fill=\"none\" stroke=\"currentColor\" stroke-linecap=\"round\" stroke-linejoin=\"round\" stroke-width=\"16\"><\/polyline><\/svg><\/span><span class=\"gb-accordion__toggle-icon-close\"><svg aria-hidden=\"true\" viewbox=\"0 0 256 256\"><rect width=\"256\" height=\"256\" fill=\"none\"><\/rect><polyline points=\"48 160 128 80 208 160\" fill=\"none\" stroke=\"currentColor\" stroke-linecap=\"round\" stroke-linejoin=\"round\" stroke-width=\"16\"><\/polyline><\/svg><\/span><\/span>\n<\/div>\n\n\n\n<div class=\"gb-accordion__content\" id=\"gb-accordion-content-4ec66eac\">\n<div class=\"gb-element-6603c765\">\n<div class=\"gb-element-404b32ec\">\n<div>\n<p><a href=\"\/wp-content\/uploads\/2025\/10\/Arsmelding-2017.-Finale.pdf\">\u00c5rsmelding 2017<\/a><\/p>\n\n\n\n<p><a href=\"\/wp-content\/uploads\/2025\/10\/Arsmelding-2018-signert.pdf\">\u00c5rsmelding 2018<\/a><\/p>\n\n\n\n<p><a href=\"\/wp-content\/uploads\/2025\/10\/Arsregnskap-2018-signert.pdf\">\u00c5rsregnskap 2018<\/a><\/p>\n\n\n\n<p><a href=\"\/wp-content\/uploads\/2025\/10\/Arsmelding-2019-signert-28.05.2020.pdf\">\u00c5rsmelding 2019<\/a><\/p>\n\n\n\n<p><a href=\"\/wp-content\/uploads\/2025\/10\/055-2019-Offentlig-regnskap.pdf\">\u00c5rsregnskap 2019<\/a><\/p>\n<\/div>\n\n\n\n<div>\n<p><a href=\"\/wp-content\/uploads\/2025\/10\/Arsmelding-2020-.pdf\">\u00c5rsmelding 2020<\/a><\/p>\n\n\n\n<p><a href=\"https:\/\/nordligefolk.sharepoint.com\/sites\/Felles\/Delte%20dokumenter\/Forms\/AllItems.aspx?id=%2Fsites%2FFelles%2FDelte%20dokumenter%2F1%5FSenter%20for%20nordlige%20folk%20AS%2F1%5FAdministrasjon%20og%20ledelse%2FStyrer%2FHovedstyret%20D%C3%81G%20AS%2F2021%2FSaksdok%2F1802%2F055%2D2020%2DOffentlig%20regnskap%2EPDF&amp;parent=%2Fsites%2FFelles%2FDelte%20dokumenter%2F1%5FSenter%20for%20nordlige%20folk%20AS%2F1%5FAdministrasjon%20og%20ledelse%2FStyrer%2FHovedstyret%20D%C3%81G%20AS%2F2021%2FSaksdok%2F1802\">\u00c5rsregnskap 2020<\/a><\/p>\n\n\n\n<p><a href=\"https:\/\/nordligefolk.sharepoint.com\/sites\/Felles\/Delte%20dokumenter\/Forms\/AllItems.aspx?id=%2Fsites%2FFelles%2FDelte%20dokumenter%2F1%5FSenter%20for%20nordlige%20folk%20AS%2F1%5FAdministrasjon%20og%20ledelse%2FStyrer%2FGeneralforsamling%2F2022%2FA%CC%8Arsmelding%202021%20ny%2Epdf&amp;parent=%2Fsites%2FFelles%2FDelte%20dokumenter%2F1%5FSenter%20for%20nordlige%20folk%20AS%2F1%5FAdministrasjon%20og%20ledelse%2FStyrer%2FGeneralforsamling%2F2022\">\u00c5rsmelding 2021<\/a><\/p>\n\n\n\n<p><a href=\"https:\/\/nordligefolk.sharepoint.com\/sites\/Felles\/Delte%20dokumenter\/Forms\/AllItems.aspx?id=%2Fsites%2FFelles%2FDelte%20dokumenter%2F1%5FSenter%20for%20nordlige%20folk%20AS%2F1%5FAdministrasjon%20og%20ledelse%2F20%2E17%20%C3%85rsberetninger%20og%20%C3%A5rsregnskap%2F2022%2F055%2D2021%2DOffentlig%20regnskap%2Epdf&amp;parent=%2Fsites%2FFelles%2FDelte%20dokumenter%2F1%5FSenter%20for%20nordlige%20folk%20AS%2F1%5FAdministrasjon%20og%20ledelse%2F20%2E17%20%C3%85rsberetninger%20og%20%C3%A5rsregnskap%2F2022\">\u00c5rsregnskap 2021<\/a><\/p>\n\n\n\n<p><a href=\"\/wp-content\/uploads\/2025\/10\/Arsmelding-DAG-2022-1.pdf\">\u00c5rsmelding 2022<\/a><\/p>\n<\/div>\n\n\n\n<div>\n<p><a href=\"\/wp-content\/uploads\/2025\/10\/Arsmelding-DAG-2023.pdf\" target=\"_blank\" rel=\"noreferrer noopener\">\u00c5rsmelding 2023<\/a><\/p>\n\n\n\n<p><a href=\"\/wp-content\/uploads\/2025\/10\/055-2023Offentligregnskap.signed.pdf\" target=\"_blank\" rel=\"noreferrer noopener\">\u00c5rsregnskap 2023<\/a><\/p>\n\n\n\n<p><a href=\"\/wp-content\/uploads\/2025\/10\/DAG-Arsmelding-2024-1.pdf\" target=\"_blank\" rel=\"noreferrer noopener\">\u00c5rsmelding 2024<\/a><\/p>\n<\/div>\n<\/div>\n<\/div>\n<\/div>\n<\/div>\n<\/div>\n\n\n\n<h2 class=\"gb-text\">Stivra<\/h2>\n\n\n\n<figure class=\"wp-block-table\"><table class=\"has-fixed-layout\"><tbody><tr><td><strong>\u00c1mm\u00e1t<\/strong><\/td><td><strong>Namma<\/strong><\/td><td><strong>V\u00e1rrelahttu<\/strong><\/td><\/tr><tr><td>Stivrajo\u0111iheaddji<\/td><td>Torjer Olsen<\/td><td>Hege Liland<\/td><\/tr><tr><td>Nubbinjo\u0111iheaddji<\/td><td>Camilla Brattland&nbsp;<\/td><td>Jens Kristian Nilsen<\/td><\/tr><tr><td>Miellahtu<\/td><td>Karin A. Karlsen<\/td><td>Olaug R\u00f8nsen &nbsp;<\/td><\/tr><tr><td>Miellahtu<\/td><td>Sajje Solbakk&nbsp;<\/td><td>&nbsp;<\/td><\/tr><tr><td>Miellahtu<\/td><td>Odd Kr. Solberg<\/td><td>Anne Lise Fredlund<\/td><\/tr><\/tbody><\/table><\/figure>\n\n\n\n<div class=\"gb-element-65ef0261\">\n<div class=\"gb-element-60a9053d\">\n<h2 class=\"gb-text\">Ear\u00e1 doaimmahusat Davvi \u00c1lbmogiid Guovdd\u00e1\u017eis<\/h2>\n\n\n\n<div class=\"gb-element-916d28a9\">\n<div>\n<img loading=\"lazy\" decoding=\"async\" width=\"300\" height=\"70\" class=\"gb-media-5d7e698f\" alt=\"Riddu Riddu\" src=\"https:\/\/senterfornordligefolk.no\/wp-content\/uploads\/2025\/10\/RRF_Logo_Horisontal_CMYK-300x70-1.jpg\" title=\"RRF_Logo_Horisontal_CMYK-300x70\" srcset=\"https:\/\/senterfornordligefolk.no\/wp-content\/uploads\/2025\/10\/RRF_Logo_Horisontal_CMYK-300x70-1.jpg 300w, https:\/\/senterfornordligefolk.no\/wp-content\/uploads\/2025\/10\/RRF_Logo_Horisontal_CMYK-300x70-1-18x4.jpg 18w\" sizes=\"auto, (max-width: 300px) 100vw, 300px\" \/>\n<\/div>\n\n\n\n<div>\n<img loading=\"lazy\" decoding=\"async\" width=\"300\" height=\"91\" class=\"gb-media-9dc5606b\" alt=\"K\u00e5fjord Kommune\" src=\"https:\/\/senterfornordligefolk.no\/wp-content\/uploads\/2025\/10\/logo2016-300x91-1.png\" title=\"logo2016-300x91\" srcset=\"https:\/\/senterfornordligefolk.no\/wp-content\/uploads\/2025\/10\/logo2016-300x91-1.png 300w, https:\/\/senterfornordligefolk.no\/wp-content\/uploads\/2025\/10\/logo2016-300x91-1-18x5.png 18w\" sizes=\"auto, (max-width: 300px) 100vw, 300px\" \/>\n<\/div>\n\n\n\n<div>\n<img loading=\"lazy\" decoding=\"async\" width=\"300\" height=\"77\" class=\"gb-media-8df0513d\" alt=\"Nord-Troms Museum\" src=\"https:\/\/senterfornordligefolk.no\/wp-content\/uploads\/2025\/10\/Nord-Troms-museum-300x77-1.png\" title=\"Nord-Troms-museum-300x77\" srcset=\"https:\/\/senterfornordligefolk.no\/wp-content\/uploads\/2025\/10\/Nord-Troms-museum-300x77-1.png 300w, https:\/\/senterfornordligefolk.no\/wp-content\/uploads\/2025\/10\/Nord-Troms-museum-300x77-1-18x5.png 18w\" sizes=\"auto, (max-width: 300px) 100vw, 300px\" \/>\n<\/div>\n<\/div>\n\n\n\n<div class=\"gb-element-f49f6381\">\n<div>\n<img loading=\"lazy\" decoding=\"async\" width=\"300\" height=\"140\" class=\"gb-media-21cdac03\" alt=\"Sametinget\" src=\"https:\/\/senterfornordligefolk.no\/wp-content\/uploads\/2025\/10\/nord_farge_asymmetrisk-pdf-300x140-1.jpg\" title=\"nord_farge_asymmetrisk-pdf-300x140\" srcset=\"https:\/\/senterfornordligefolk.no\/wp-content\/uploads\/2025\/10\/nord_farge_asymmetrisk-pdf-300x140-1.jpg 300w, https:\/\/senterfornordligefolk.no\/wp-content\/uploads\/2025\/10\/nord_farge_asymmetrisk-pdf-300x140-1-18x8.jpg 18w\" sizes=\"auto, (max-width: 300px) 100vw, 300px\" \/>\n<\/div>\n\n\n\n<div>\n<img loading=\"lazy\" decoding=\"async\" width=\"300\" height=\"178\" class=\"gb-media-ad472fec\" alt=\"Giella siida\" src=\"https:\/\/senterfornordligefolk.no\/wp-content\/uploads\/2025\/10\/20988259_1720679498238803_3127528635536364434_o-1-300x178-1.jpg\" title=\"20988259_1720679498238803_3127528635536364434_o-1-300x178\" srcset=\"https:\/\/senterfornordligefolk.no\/wp-content\/uploads\/2025\/10\/20988259_1720679498238803_3127528635536364434_o-1-300x178-1.jpg 300w, https:\/\/senterfornordligefolk.no\/wp-content\/uploads\/2025\/10\/20988259_1720679498238803_3127528635536364434_o-1-300x178-1-18x12.jpg 18w\" sizes=\"auto, (max-width: 300px) 100vw, 300px\" \/>\n<\/div>\n\n\n\n<div>\n<img loading=\"lazy\" decoding=\"async\" width=\"300\" height=\"82\" class=\"gb-media-a799a3a8\" alt=\"Troms Fylkeskommune\" src=\"https:\/\/senterfornordligefolk.no\/wp-content\/uploads\/2025\/10\/TFK_RGB-300x82-2.jpg\" title=\"TFK_RGB-300x82\" srcset=\"https:\/\/senterfornordligefolk.no\/wp-content\/uploads\/2025\/10\/TFK_RGB-300x82-2.jpg 300w, https:\/\/senterfornordligefolk.no\/wp-content\/uploads\/2025\/10\/TFK_RGB-300x82-2-18x5.jpg 18w\" sizes=\"auto, (max-width: 300px) 100vw, 300px\" \/>\n<\/div>\n<\/div>\n<\/div>\n<\/div>\n<\/div>\n<\/div>","protected":false},"excerpt":{"rendered":"<p>Svein LeirosDaglig leder+47 957 93 799svein@nordligefolk.no Lisa VangenMuseumsleder+47 911 04 059lisa@nordligefolk.no Martin ManndalDriftsleder+47 401 97 751martin@nordligefolk.no Siri Mari Vitalis LarsenFormidler+47 905 40 995siri.mari@nordligefolk.no Gunnlaug Oppervoll IsaksenRenholder+47 949 85 607gunnlaug@nordligefolk.no Isak Anta M. KvitfjellMuseumsarbeider+47 912 47 464isak@nordligefolk.no Ann-Kristin HansenKj\u00f8kkensjef+47 413 38 013annkristin@nordligefolk.no Davvi \u00e1lbmogiid guovdd\u00e1\u0161 \u2013 Senter for nordlige folk Davvi \u00e1lbmogiid guovdd\u00e1\u0161 (D\u00c1G) er et&hellip; <a class=\"continue\" href=\"https:\/\/senterfornordligefolk.no\/se_no\/om-oss\/\">Joatke lohkat<span> Min birra<\/span><\/a><\/p>","protected":false},"author":1,"featured_media":0,"parent":0,"menu_order":0,"comment_status":"closed","ping_status":"closed","template":"","meta":{"footnotes":""},"class_list":["post-49046","page","type-page","status-publish"],"_hostinger_reach_plugin_has_subscription_block":false,"_hostinger_reach_plugin_is_elementor":false,"_links":{"self":[{"href":"https:\/\/senterfornordligefolk.no\/se_no\/wp-json\/wp\/v2\/pages\/49046","targetHints":{"allow":["GET"]}}],"collection":[{"href":"https:\/\/senterfornordligefolk.no\/se_no\/wp-json\/wp\/v2\/pages"}],"about":[{"href":"https:\/\/senterfornordligefolk.no\/se_no\/wp-json\/wp\/v2\/types\/page"}],"author":[{"embeddable":true,"href":"https:\/\/senterfornordligefolk.no\/se_no\/wp-json\/wp\/v2\/users\/1"}],"replies":[{"embeddable":true,"href":"https:\/\/senterfornordligefolk.no\/se_no\/wp-json\/wp\/v2\/comments?post=49046"}],"version-history":[{"count":21,"href":"https:\/\/senterfornordligefolk.no\/se_no\/wp-json\/wp\/v2\/pages\/49046\/revisions"}],"predecessor-version":[{"id":50611,"href":"https:\/\/senterfornordligefolk.no\/se_no\/wp-json\/wp\/v2\/pages\/49046\/revisions\/50611"}],"wp:attachment":[{"href":"https:\/\/senterfornordligefolk.no\/se_no\/wp-json\/wp\/v2\/media?parent=49046"}],"curies":[{"name":"wp","href":"https:\/\/api.w.org\/{rel}","templated":true}]}}