{"id":49182,"date":"2025-10-13T21:20:43","date_gmt":"2025-10-13T21:20:43","guid":{"rendered":"https:\/\/senterfornordligefolk.no\/?page_id=49182"},"modified":"2026-03-11T11:54:38","modified_gmt":"2026-03-11T11:54:38","slug":"butikk","status":"publish","type":"page","link":"https:\/\/senterfornordligefolk.no\/se_no\/lokaler\/butikk\/","title":{"rendered":"G\u00e1vpi"},"content":{"rendered":"<div class=\"gb-element-8ee28c68\">\n<div class=\"gb-element-b1432104\">\n<div class=\"gb-element-8b2bd6d9\">\n<div class=\"gb-element-8dd8e566\">\n<img loading=\"lazy\" decoding=\"async\" width=\"2048\" height=\"1113\" class=\"gb-media-babe8347\" src=\"https:\/\/senterfornordligefolk.no\/wp-content\/uploads\/2025\/10\/IMG_4437-2048x1113-1.jpg\" alt=\"Butikken\" title=\"IMG_4437-2048x1113\" srcset=\"https:\/\/senterfornordligefolk.no\/wp-content\/uploads\/2025\/10\/IMG_4437-2048x1113-1.jpg 2048w, https:\/\/senterfornordligefolk.no\/wp-content\/uploads\/2025\/10\/IMG_4437-2048x1113-1-300x163.jpg 300w, https:\/\/senterfornordligefolk.no\/wp-content\/uploads\/2025\/10\/IMG_4437-2048x1113-1-1024x557.jpg 1024w, https:\/\/senterfornordligefolk.no\/wp-content\/uploads\/2025\/10\/IMG_4437-2048x1113-1-768x417.jpg 768w, https:\/\/senterfornordligefolk.no\/wp-content\/uploads\/2025\/10\/IMG_4437-2048x1113-1-1536x835.jpg 1536w, https:\/\/senterfornordligefolk.no\/wp-content\/uploads\/2025\/10\/IMG_4437-2048x1113-1-18x10.jpg 18w\" sizes=\"auto, (max-width: 2048px) 100vw, 2048px\" \/>\n\n\n\n<img loading=\"lazy\" decoding=\"async\" width=\"540\" height=\"361\" class=\"gb-media-d556b97a\" src=\"https:\/\/senterfornordligefolk.no\/wp-content\/uploads\/2025\/10\/riddu.jpg\" alt=\"Riddu\" title=\"riddu\" srcset=\"https:\/\/senterfornordligefolk.no\/wp-content\/uploads\/2025\/10\/riddu.jpg 540w, https:\/\/senterfornordligefolk.no\/wp-content\/uploads\/2025\/10\/riddu-300x201.jpg 300w, https:\/\/senterfornordligefolk.no\/wp-content\/uploads\/2025\/10\/riddu-18x12.jpg 18w\" sizes=\"auto, (max-width: 540px) 100vw, 540px\" \/>\n<\/div>\n\n\n\n<div class=\"gb-element-5a501d39\">\n<h2 class=\"gb-text\">G\u00e1vppi birra<\/h2>\n\n\n\n<p class=\"gb-text\"><strong>Leat go ohcame juoid\u00e1 earenoam\u00e1\u0161 dahje ovta skea\u014bka?<\/strong><\/p>\n\n\n\n<p>P\u00e5 senterbutikken selger vi duodji, litteratur, smykker, luer, votter, belter, kniver, urtekrydder med mer. Produktene er fra ulike leverand\u00f8rer i S\u00e1pmi, og kvalitet er viktig for oss. Her finner du den perfekte gaven til alle anledninger!<\/p>\n\n\n\n<p>Er du usikker p\u00e5 hva du skal velge? Vi selger ogs\u00e5 gavekort, slik at mottakeren kan finne sin egen favoritt.<br><br><strong>Bures boahtin miellagiddeva\u0161 g\u00e1vppa\u0161eapm\u00e1i minguin!<\/strong><\/p>\n\n\n\n<div class=\"gb-element-800e695f\">\n<h4 class=\"wp-block-heading has-base-3-color has-text-color has-link-color wp-elements-2aaa42c18a54c1e505df7a96a062df21\"><strong>Rahpan \u00e1iggit<\/strong><\/h4>\n\n\n\n<p>M\u00e1nnodat - Bearjadat: 10.00 - 15.00<br>L\u00e1vvordat: Gitta<br>Sotnabeaivi: Gitta<\/p>\n<\/div>\n<\/div>\n<\/div>\n<\/div>\n<\/div>","protected":false},"excerpt":{"rendered":"<p>Om butikken Er du p\u00e5 utkikk etter en gave utenom det vanlige? P\u00e5 senterbutikken selger vi duodji, litteratur, smykker, luer, votter, belter, kniver, urtekrydder med mer. Produktene er fra ulike leverand\u00f8rer i S\u00e1pmi, og kvalitet er viktig for oss. Her finner du den perfekte gaven til alle anledninger! Er du usikker p\u00e5 hva du skal&hellip; <a class=\"continue\" href=\"https:\/\/senterfornordligefolk.no\/se_no\/lokaler\/butikk\/\">Joatke lohkat<span> G\u00e1vpi<\/span><\/a><\/p>","protected":false},"author":2,"featured_media":0,"parent":48903,"menu_order":0,"comment_status":"closed","ping_status":"closed","template":"","meta":{"footnotes":""},"class_list":["post-49182","page","type-page","status-publish"],"_hostinger_reach_plugin_has_subscription_block":false,"_hostinger_reach_plugin_is_elementor":false,"_links":{"self":[{"href":"https:\/\/senterfornordligefolk.no\/se_no\/wp-json\/wp\/v2\/pages\/49182","targetHints":{"allow":["GET"]}}],"collection":[{"href":"https:\/\/senterfornordligefolk.no\/se_no\/wp-json\/wp\/v2\/pages"}],"about":[{"href":"https:\/\/senterfornordligefolk.no\/se_no\/wp-json\/wp\/v2\/types\/page"}],"author":[{"embeddable":true,"href":"https:\/\/senterfornordligefolk.no\/se_no\/wp-json\/wp\/v2\/users\/2"}],"replies":[{"embeddable":true,"href":"https:\/\/senterfornordligefolk.no\/se_no\/wp-json\/wp\/v2\/comments?post=49182"}],"version-history":[{"count":3,"href":"https:\/\/senterfornordligefolk.no\/se_no\/wp-json\/wp\/v2\/pages\/49182\/revisions"}],"predecessor-version":[{"id":50617,"href":"https:\/\/senterfornordligefolk.no\/se_no\/wp-json\/wp\/v2\/pages\/49182\/revisions\/50617"}],"up":[{"embeddable":true,"href":"https:\/\/senterfornordligefolk.no\/se_no\/wp-json\/wp\/v2\/pages\/48903"}],"wp:attachment":[{"href":"https:\/\/senterfornordligefolk.no\/se_no\/wp-json\/wp\/v2\/media?parent=49182"}],"curies":[{"name":"wp","href":"https:\/\/api.w.org\/{rel}","templated":true}]}}