{"id":49204,"date":"2025-10-13T22:13:44","date_gmt":"2025-10-13T22:13:44","guid":{"rendered":"https:\/\/senterfornordligefolk.no\/?page_id=49204"},"modified":"2025-10-13T23:34:47","modified_gmt":"2025-10-13T23:34:47","slug":"storsal","status":"publish","type":"page","link":"https:\/\/senterfornordligefolk.no\/se_no\/lokaler\/storsal\/","title":{"rendered":"Stuorra latnja"},"content":{"rendered":"<div class=\"gb-element-8ee28c68\">\n<div class=\"gb-element-b1432104\">\n<div class=\"gb-element-8b2bd6d9\">\n<div class=\"gb-element-8dd8e566\">\n<img loading=\"lazy\" decoding=\"async\" width=\"800\" height=\"534\" class=\"gb-media-babe8347\" src=\"https:\/\/senterfornordligefolk.no\/wp-content\/uploads\/2025\/10\/Senter_for_Nordlige_folk_sommer_001-2.jpg\" alt=\"Senter for nordlige folk\" title=\"Senter for Nordlige folk sommer\" srcset=\"https:\/\/senterfornordligefolk.no\/wp-content\/uploads\/2025\/10\/Senter_for_Nordlige_folk_sommer_001-2.jpg 800w, https:\/\/senterfornordligefolk.no\/wp-content\/uploads\/2025\/10\/Senter_for_Nordlige_folk_sommer_001-2-300x200.jpg 300w, https:\/\/senterfornordligefolk.no\/wp-content\/uploads\/2025\/10\/Senter_for_Nordlige_folk_sommer_001-2-768x513.jpg 768w, https:\/\/senterfornordligefolk.no\/wp-content\/uploads\/2025\/10\/Senter_for_Nordlige_folk_sommer_001-2-18x12.jpg 18w\" sizes=\"auto, (max-width: 800px) 100vw, 800px\" \/>\n\n\n\n<img loading=\"lazy\" decoding=\"async\" width=\"1024\" height=\"768\" class=\"gb-media-d556b97a\" src=\"https:\/\/senterfornordligefolk.no\/wp-content\/uploads\/2025\/10\/image-1024x768-1.jpeg\" alt=\"Storsalen\" title=\"image-1024x768\" srcset=\"https:\/\/senterfornordligefolk.no\/wp-content\/uploads\/2025\/10\/image-1024x768-1.jpeg 1024w, https:\/\/senterfornordligefolk.no\/wp-content\/uploads\/2025\/10\/image-1024x768-1-300x225.jpeg 300w, https:\/\/senterfornordligefolk.no\/wp-content\/uploads\/2025\/10\/image-1024x768-1-768x576.jpeg 768w, https:\/\/senterfornordligefolk.no\/wp-content\/uploads\/2025\/10\/image-1024x768-1-16x12.jpeg 16w\" sizes=\"auto, (max-width: 1024px) 100vw, 1024px\" \/>\n<\/div>\n\n\n\n<div class=\"gb-element-5a501d39\">\n<h2 class=\"gb-text\">Kulturs\u00e1lla - stuora kulturs\u00e1lla mii heive \u010doahkkimiidda ja ear\u00e1 doaluide<\/h2>\n\n\n\n<p class=\"gb-text\">S\u00e1llai heive <strong>150 olbmo<\/strong> ja s\u00e1htt\u00e1 heivehuvvot ie\u0161gu\u0111etl\u00e1gan d\u00e1rbbuide fleksibel rusttegiiguin, buori akustihkain ja teknihkala\u0161 rusttegiiguin sihke jietna- ja videof\u00e1laldagaid v\u00e1r\u00e1s. <\/p>\n\n\n\n<p>Sm\u00e1vit \u010doahkkimiidda mii f\u00e1llat maid <strong>\u010doahkkinlatnja mas lea sadji 10\u201320 olbmui<\/strong>, ja maidd\u00e1i <strong>fiinna feastalatnja<\/strong> Gosa lea sadji <strong>30 olbmuide<\/strong> \u2013 heive bures laga\u0161 \u00e1vvudemiide, kurssaide dahje bargob\u00e1jiide.<br><\/p>\n\n\n\n<p>Min <strong>bures rusttejuvvon gievkan<\/strong> add\u00e1 dutnje visot maid d\u00e1rbba\u0161at vai beasat lihkostuvvat d\u00e1hp\u00e1husain. S\u00e1ht\u00e1t f\u00e1llat b\u00e1lvalusa ie\u0161 dahje geavahit b\u00e1ikk\u00e1la\u0161 borramu\u0161b\u00e1lvalusaid.<br><\/p>\n\n\n\n<p>Min luhtte lea visot sajis oa\u010d\u010dut <strong>muitteva\u0161 v\u00e1s\u00e1husa<\/strong> \u2013 lea\u0161 dal l\u00e1gideamen \u00e1mm\u00e1tla\u0161 deaivvadeami, kultureahkeda dahje priv\u00e1hta \u00e1vvudeami.<\/p>\n\n\n\n<div class=\"gb-element-6e369b8b\">\n<p>L\u00e1igohit kulturs\u00e1lla teknihkkala\u0161 d\u00e1vvirin:<br>Ru. 10 000<br>L\u00e1igohit kulturs\u00e1lla haga teknihkkala\u0161 d\u00e1vvirin:<br>Ru. 8 000<\/p>\n\n\n\n<p><strong>&nbsp;<\/strong><strong>Drift \/ Viessodoallu<\/strong>: 401 97 751<\/p>\n<\/div>\n\n\n\n<a class=\"gb-text gb-text-9a635b57\" href=\"\/se_no\/kontakt-oss\/\">Oktavuohta<\/a>\n<\/div>\n<\/div>\n<\/div>\n<\/div>","protected":false},"excerpt":{"rendered":"<p>Storsalen \u2013 fleksibel kultursal for m\u00f8ter og arrangementer Salen rommer opptil 150 personer og kan tilpasses ulike behov med fleksibel m\u00f8blering, god akustikk og teknisk utstyr for b\u00e5de lyd og bilde. For mindre sammenkomster tilbyr vi ogs\u00e5 m\u00f8terom med plass til 10\u201320 personer, samt et hyggelig festlokale som egner seg for rundt 30 gjester \u2013&hellip; <a class=\"continue\" href=\"https:\/\/senterfornordligefolk.no\/se_no\/lokaler\/storsal\/\">Joatke lohkat<span> Stuorra latnja<\/span><\/a><\/p>","protected":false},"author":2,"featured_media":0,"parent":48903,"menu_order":0,"comment_status":"closed","ping_status":"closed","template":"","meta":{"footnotes":""},"class_list":["post-49204","page","type-page","status-publish"],"_hostinger_reach_plugin_has_subscription_block":false,"_hostinger_reach_plugin_is_elementor":false,"_links":{"self":[{"href":"https:\/\/senterfornordligefolk.no\/se_no\/wp-json\/wp\/v2\/pages\/49204","targetHints":{"allow":["GET"]}}],"collection":[{"href":"https:\/\/senterfornordligefolk.no\/se_no\/wp-json\/wp\/v2\/pages"}],"about":[{"href":"https:\/\/senterfornordligefolk.no\/se_no\/wp-json\/wp\/v2\/types\/page"}],"author":[{"embeddable":true,"href":"https:\/\/senterfornordligefolk.no\/se_no\/wp-json\/wp\/v2\/users\/2"}],"replies":[{"embeddable":true,"href":"https:\/\/senterfornordligefolk.no\/se_no\/wp-json\/wp\/v2\/comments?post=49204"}],"version-history":[{"count":6,"href":"https:\/\/senterfornordligefolk.no\/se_no\/wp-json\/wp\/v2\/pages\/49204\/revisions"}],"predecessor-version":[{"id":49233,"href":"https:\/\/senterfornordligefolk.no\/se_no\/wp-json\/wp\/v2\/pages\/49204\/revisions\/49233"}],"up":[{"embeddable":true,"href":"https:\/\/senterfornordligefolk.no\/se_no\/wp-json\/wp\/v2\/pages\/48903"}],"wp:attachment":[{"href":"https:\/\/senterfornordligefolk.no\/se_no\/wp-json\/wp\/v2\/media?parent=49204"}],"curies":[{"name":"wp","href":"https:\/\/api.w.org\/{rel}","templated":true}]}}